{"id":11,"date":"2023-05-23T06:55:05","date_gmt":"2023-05-23T06:55:05","guid":{"rendered":"https:\/\/gedapeleda.lt\/?page_id=11"},"modified":"2025-09-16T16:27:40","modified_gmt":"2025-09-16T16:27:40","slug":"siuntimo-salygos","status":"publish","type":"page","link":"https:\/\/gedapeleda.lt\/en\/siuntimo-salygos\/","title":{"rendered":"SHIPPING"},"content":{"rendered":"<div data-elementor-type=\"wp-page\" data-elementor-id=\"11\" class=\"elementor elementor-11\" data-elementor-post-type=\"page\">\n\t\t\t\t\t\t<section class=\"elementor-section elementor-top-section elementor-element elementor-element-3c929f16 elementor-section-boxed elementor-section-height-default elementor-section-height-default\" data-id=\"3c929f16\" data-element_type=\"section\">\n\t\t\t\t\t\t<div class=\"elementor-container elementor-column-gap-default\">\n\t\t\t\t\t<div class=\"elementor-column elementor-col-100 elementor-top-column elementor-element elementor-element-159445d8\" data-id=\"159445d8\" data-element_type=\"column\">\n\t\t\t<div class=\"elementor-widget-wrap elementor-element-populated\">\n\t\t\t\t\t\t<div class=\"elementor-element elementor-element-27bbc33e elementor-widget elementor-widget-text-editor\" data-id=\"27bbc33e\" data-element_type=\"widget\" data-widget_type=\"text-editor.default\">\n\t\t\t\t<div class=\"elementor-widget-container\">\n\t\t\t\t\t\t\t\t\t<div id=\"sns_content\"><div class=\"container\"><div class=\"row sns-content\"><div class=\"sns-main col-md-12 main-right\"><section id=\"post-2499\" class=\"post-2499 page type-page status-publish hentry\"><div class=\"inner-page\"><p>DELIVERY &amp; PRODUCTION TIMES<\/p><p>PRODUCTION &amp; DELIVERY TIMES:<\/p><p>If you purchase a ready-made Pel\u0117da that is currently available in our studio, it will be shipped within 5 business days after payment is received.\u00a0<\/p><p>All G\u0117da Pel\u0117da handbags are made to order, crafted especially for you. For this reason, production and delivery may take up to 6\u20138 weeks.<\/p><p>Buyers will be informed about the estimated production and shipping timeline via email.<\/p><p>IMPORTANT!<\/p><p>Within Lithuania, all Pel\u0117da handbags are shipped FREE OF CHARGE via DPD courier service.<\/p><p>DELIVERY TERMS:<\/p><p>1.\tThe Buyer must provide accurate delivery details, including full name, delivery address, and phone number.<\/p><p>2.\tGoods are delivered to the person specified in the order form. If the specified person is unable to receive the goods and the delivery has been made to the address and based on the details provided by the Buyer, the Buyer has no right to submit claims to the Seller regarding delivery to an incorrect recipient or other delivery discrepancies.<\/p><p>3.\tThe Buyer may indicate in the order form that the goods should be delivered to a different Recipient. In such cases, the Buyer must provide the Recipient\u2019s full name, phone number, and email address.<\/p><p>4.\tIn cases where the ordered goods are not available in the Seller\u2019s inventory, the Buyer will be informed about the shortage and the expected delivery timeframe.<\/p><p>5.\tIf the Buyer or their authorised representative is unable to accept the goods in person and the delivery has been made to the address and based on the information provided by the Buyer, the Buyer has no right to submit claims regarding delivery discrepancies. If prepaid goods are not accepted by the Buyer or Recipient, additional shipping charges will apply for re-arranged deliveries.<\/p><p>6.\tUpon delivery, the Buyer must inspect the condition of the shipment.\nIf goods are delivered via a courier service, the shipment is considered delivered in proper condition when the Buyer or Recipient confirms receipt electronically or when the shipment is marked as delivered in the courier\u2019s tracking system.\n\nIf the Buyer notices damaged packaging (crushed, wet, or otherwise visibly damaged), the Buyer must notify the Seller without delay, and no later than within 24 hours, by email, preferably attaching photos of the damaged packaging.\n\nIf no notification is provided in accordance with the above procedure, the Seller shall not be liable for product damage caused by packaging defects or damage occurring during transportation.\u00a0<\/p><\/div><\/section><\/div><\/div><\/div><\/div>\t\t\t\t\t\t\t\t<\/div>\n\t\t\t\t<\/div>\n\t\t\t\t\t<\/div>\n\t\t<\/div>\n\t\t\t\t\t<\/div>\n\t\t<\/section>\n\t\t\t\t<\/div>","protected":false},"excerpt":{"rendered":"<p>PREKI\u0172 PRISTATYMAS IR TERMINAI TERMINAI: \u012esigijus studijoje turim\u0105 Pel\u0117d\u0105, po apmok\u0117jimo, j\u0105 pristatysime per 5 darbo dienas.\u00a0 Visos G\u0117da Pel\u0117da rankines kuriame tik pagal u\u017esakym\u0105 specialiai Jums, tod\u0117l j\u0173 gamyba ir pristatymas gali u\u017etrukti iki 6 &#8211; 8 savai\u010di\u0173. Apie numatomus gamybos ir i\u0161siuntimo terminus Pirk\u0117jai bus informuojami el. pa\u0161tu. Svarbu! Lietuvoje, per DPD kurjeri\u0173 [&hellip;]<\/p>","protected":false},"author":2,"featured_media":0,"parent":0,"menu_order":0,"comment_status":"closed","ping_status":"closed","template":"elementor_header_footer","meta":{"footnotes":""},"class_list":["post-11","page","type-page","status-publish","hentry"],"blocksy_meta":[],"aioseo_notices":[],"jetpack_sharing_enabled":true,"_links":{"self":[{"href":"https:\/\/gedapeleda.lt\/en\/wp-json\/wp\/v2\/pages\/11","targetHints":{"allow":["GET"]}}],"collection":[{"href":"https:\/\/gedapeleda.lt\/en\/wp-json\/wp\/v2\/pages"}],"about":[{"href":"https:\/\/gedapeleda.lt\/en\/wp-json\/wp\/v2\/types\/page"}],"author":[{"embeddable":true,"href":"https:\/\/gedapeleda.lt\/en\/wp-json\/wp\/v2\/users\/2"}],"replies":[{"embeddable":true,"href":"https:\/\/gedapeleda.lt\/en\/wp-json\/wp\/v2\/comments?post=11"}],"version-history":[{"count":8,"href":"https:\/\/gedapeleda.lt\/en\/wp-json\/wp\/v2\/pages\/11\/revisions"}],"predecessor-version":[{"id":26366,"href":"https:\/\/gedapeleda.lt\/en\/wp-json\/wp\/v2\/pages\/11\/revisions\/26366"}],"wp:attachment":[{"href":"https:\/\/gedapeleda.lt\/en\/wp-json\/wp\/v2\/media?parent=11"}],"curies":[{"name":"wp","href":"https:\/\/api.w.org\/{rel}","templated":true}]}}