{"id":143,"date":"2023-05-23T10:51:29","date_gmt":"2023-05-23T10:51:29","guid":{"rendered":"https:\/\/gedapeleda.lt\/?page_id=143"},"modified":"2025-09-16T16:29:20","modified_gmt":"2025-09-16T16:29:20","slug":"grazinimo-salygos","status":"publish","type":"page","link":"https:\/\/gedapeleda.lt\/en\/grazinimo-salygos\/","title":{"rendered":"RETURNS &amp; REFUNDS"},"content":{"rendered":"<div data-elementor-type=\"wp-page\" data-elementor-id=\"143\" class=\"elementor elementor-143\" data-elementor-post-type=\"page\">\n\t\t\t\t\t\t<section class=\"elementor-section elementor-top-section elementor-element elementor-element-6231150 elementor-section-boxed elementor-section-height-default elementor-section-height-default\" data-id=\"6231150\" data-element_type=\"section\">\n\t\t\t\t\t\t<div class=\"elementor-container elementor-column-gap-default\">\n\t\t\t\t\t<div class=\"elementor-column elementor-col-100 elementor-top-column elementor-element elementor-element-a8ecc41\" data-id=\"a8ecc41\" data-element_type=\"column\">\n\t\t\t<div class=\"elementor-widget-wrap elementor-element-populated\">\n\t\t\t\t\t\t<div class=\"elementor-element elementor-element-41c1f33 elementor-widget elementor-widget-text-editor\" data-id=\"41c1f33\" data-element_type=\"widget\" data-widget_type=\"text-editor.default\">\n\t\t\t\t<div class=\"elementor-widget-container\">\n\t\t\t\t\t\t\t\t\t<div id=\"sns_content\"><div class=\"container\"><div class=\"row sns-content\"><div class=\"sns-main col-md-12 main-right\"><section id=\"post-2499\" class=\"post-2499 page type-page status-publish hentry\"><div class=\"inner-page\"><p>RETURNS:<\/p><p>Products purchased from the G\u0117da Pel\u0117da store may be returned within 14 days from the date of shipment, provided that the item: has not been worn or used, has all original tags attached, includes the product passport with its unique number, is in perfect condition and shows no signs of damage, alteration, or wear since the time of purchase.<\/p><p>To initiate a return, please contact us by email at peleda@gedapeleda.lt.\u00a0<a href=\"mailto:peleda@gedapeleda.lt\" aria-describedby=\"a11y-external-message\">peleda@gedapeleda.lt<\/a><\/p><p>When returning a product, please pack it securely. We recommend using the original packaging in which the item was delivered. Please choose a safe and trackable shipping method.<\/p><p>Return shipping costs are covered by the Buyer.<\/p><p>Refunds are issued within 10 business days after the returned item has reached our studio.\nRefunds are made only to the same payment method used for the original purchase.<\/p><p>IMPORTANT!<\/p><p>Handbags created according to individual customer requests (made-to-order or personalised items) are not eligible for return or refund.<\/p><p>RETURNS &amp; EXCHANGES DUE TO DEFECTS:<\/p><p>Defective goods will be repaired, replaced, or refunded in accordance with applicable consumer protection laws. A proof of purchase is required (receipt, invoice, or other purchase confirmation document).<\/p><p>If goods are returned or exchanged due to a confirmed defect, all return shipping costs are covered by the Seller. If no defects are found after inspection, return shipping costs are covered by the Buyer.<\/p><\/div><\/section><\/div><\/div><\/div><\/div>\t\t\t\t\t\t\t\t<\/div>\n\t\t\t\t<\/div>\n\t\t\t\t\t<\/div>\n\t\t<\/div>\n\t\t\t\t\t<\/div>\n\t\t<\/section>\n\t\t\t\t<\/div>","protected":false},"excerpt":{"rendered":"<p>GR\u0104\u017dINIMAS G\u0117da Pel\u0117da parduotuv\u0117je \u012fsigyt\u0105 prek\u0119 galite gr\u0105\u017einti per 14 dien\u0173 nuo prek\u0117s i\u0161siuntimo dienos jei ji: yra nene\u0161iota, turi originalias etiketes ir gaminio pas\u0105 su unikaliu numeriu, yra puikioje b\u016bkl\u0117je, nepa\u017eeista, nesugadinta ar kitaip nepakitusi nuo \u012fsigijimo momento. Nor\u0117dami gr\u0105\u017einti prek\u0119 susisiekite su mumis el. pa\u0161tu\u00a0peleda@gedapeleda.lt Gr\u0105\u017eindami prek\u0119 saugiai j\u0105 supakuokite, rekomenduojama \u012f t\u0105 [&hellip;]<\/p>","protected":false},"author":2,"featured_media":0,"parent":0,"menu_order":0,"comment_status":"closed","ping_status":"closed","template":"elementor_header_footer","meta":{"footnotes":""},"class_list":["post-143","page","type-page","status-publish","hentry"],"blocksy_meta":[],"aioseo_notices":[],"jetpack_sharing_enabled":true,"_links":{"self":[{"href":"https:\/\/gedapeleda.lt\/en\/wp-json\/wp\/v2\/pages\/143","targetHints":{"allow":["GET"]}}],"collection":[{"href":"https:\/\/gedapeleda.lt\/en\/wp-json\/wp\/v2\/pages"}],"about":[{"href":"https:\/\/gedapeleda.lt\/en\/wp-json\/wp\/v2\/types\/page"}],"author":[{"embeddable":true,"href":"https:\/\/gedapeleda.lt\/en\/wp-json\/wp\/v2\/users\/2"}],"replies":[{"embeddable":true,"href":"https:\/\/gedapeleda.lt\/en\/wp-json\/wp\/v2\/comments?post=143"}],"version-history":[{"count":4,"href":"https:\/\/gedapeleda.lt\/en\/wp-json\/wp\/v2\/pages\/143\/revisions"}],"predecessor-version":[{"id":26369,"href":"https:\/\/gedapeleda.lt\/en\/wp-json\/wp\/v2\/pages\/143\/revisions\/26369"}],"wp:attachment":[{"href":"https:\/\/gedapeleda.lt\/en\/wp-json\/wp\/v2\/media?parent=143"}],"curies":[{"name":"wp","href":"https:\/\/api.w.org\/{rel}","templated":true}]}}