{"id":25699,"date":"2025-03-20T11:25:31","date_gmt":"2025-03-20T11:25:31","guid":{"rendered":"https:\/\/gedapeleda.lt\/?page_id=25699"},"modified":"2025-03-20T11:27:43","modified_gmt":"2025-03-20T11:27:43","slug":"lygiadienio-peledos-10","status":"publish","type":"page","link":"https:\/\/gedapeleda.lt\/en\/lygiadienio-peledos-10\/","title":{"rendered":"Lygiadienio Pel\u0117dos -10%"},"content":{"rendered":"<div data-elementor-type=\"wp-page\" data-elementor-id=\"25699\" class=\"elementor elementor-25699\" data-elementor-post-type=\"page\">\n\t\t\t\t\t\t<section class=\"elementor-section elementor-top-section elementor-element elementor-element-c4861d9 elementor-section-boxed elementor-section-height-default elementor-section-height-default\" data-id=\"c4861d9\" data-element_type=\"section\">\n\t\t\t\t\t\t<div class=\"elementor-container elementor-column-gap-default\">\n\t\t\t\t\t<div class=\"elementor-column elementor-col-100 elementor-top-column elementor-element elementor-element-0a567da\" data-id=\"0a567da\" data-element_type=\"column\">\n\t\t\t<div class=\"elementor-widget-wrap elementor-element-populated\">\n\t\t\t\t\t\t<div class=\"elementor-element elementor-element-44c500b elementor-widget elementor-widget-text-editor\" data-id=\"44c500b\" data-element_type=\"widget\" data-widget_type=\"text-editor.default\">\n\t\t\t\t<div class=\"elementor-widget-container\">\n\t\t\t\t\t\t\t\t\t<p>Lydiadienio Pel\u0117dos -10%<\/p>\t\t\t\t\t\t\t\t<\/div>\n\t\t\t\t<\/div>\n\t\t\t\t<div class=\"elementor-element elementor-element-afb34ec elementor-widget elementor-widget-shortcode\" data-id=\"afb34ec\" data-element_type=\"widget\" data-widget_type=\"shortcode.default\">\n\t\t\t\t<div class=\"elementor-widget-container\">\n\t\t\t\t\t\t\t<div class=\"elementor-shortcode\"><div class=\"woocommerce columns-4\"><ul class=\"products columns-4\" data-products=\"type-1\">\n<li class=\"product type-product post-26337 status-publish first onbackorder product_cat-isankstiniai-uzsakymai product_cat-jai product_cat-rankines product_tag-lygiadienio10 product_tag-piniginedovana has-post-thumbnail taxable shipping-taxable purchasable product-type-variable\">\n\t<a href=\"https:\/\/gedapeleda.lt\/en\/product\/eboni-mini\/\" class=\"woocommerce-LoopProduct-link woocommerce-loop-product__link\"><img fetchpriority=\"high\" decoding=\"async\" width=\"600\" height=\"750\" src=\"https:\/\/gedapeleda.lt\/wp-content\/uploads\/2025\/09\/10-600x750.jpg\" class=\"attachment-woocommerce_thumbnail size-woocommerce_thumbnail\" alt=\"EBONI\" srcset=\"https:\/\/gedapeleda.lt\/wp-content\/uploads\/2025\/09\/10-600x750.jpg 600w, https:\/\/gedapeleda.lt\/wp-content\/uploads\/2025\/09\/10-240x300.jpg 240w, https:\/\/gedapeleda.lt\/wp-content\/uploads\/2025\/09\/10-768x960.jpg 768w, https:\/\/gedapeleda.lt\/wp-content\/uploads\/2025\/09\/10-10x12.jpg 10w, https:\/\/gedapeleda.lt\/wp-content\/uploads\/2025\/09\/10.jpg 1080w\" sizes=\"(max-width: 600px) 100vw, 600px\" \/><h2 class=\"woocommerce-loop-product__title\">EBONI<\/h2>\n\t<span class=\"price\"><span class=\"woocommerce-Price-amount amount\" aria-hidden=\"true\"><bdi>229.00&nbsp;<span class=\"woocommerce-Price-currencySymbol\">&euro;<\/span><\/bdi><\/span> <span aria-hidden=\"true\">&ndash;<\/span> <span class=\"woocommerce-Price-amount amount\" aria-hidden=\"true\"><bdi>239.00&nbsp;<span class=\"woocommerce-Price-currencySymbol\">&euro;<\/span><\/bdi><\/span><span class=\"screen-reader-text\" data-no-translation=\"\" data-trp-gettext=\"\">Price range: 229.00&nbsp;&euro; through 239.00&nbsp;&euro;<\/span><\/span>\n<\/a><a href=\"https:\/\/gedapeleda.lt\/en\/product\/eboni-mini\/\" data-quantity=\"1\" class=\"button product_type_variable add_to_cart_button\" data-product_id=\"26337\" data-product_sku=\"\" aria-label=\"Select options for \u201cEBONI\u201d\" rel=\"nofollow\" data-no-translation-aria-label=\"\">ADD TO BAG<\/a><\/li>\n<li class=\"product type-product post-26348 status-publish onbackorder product_cat-isankstiniai-uzsakymai product_cat-jai product_cat-rankines product_tag-lygiadienio10 product_tag-piniginedovana has-post-thumbnail taxable shipping-taxable purchasable product-type-variable\">\n\t<a href=\"https:\/\/gedapeleda.lt\/en\/product\/eboni-maxi\/\" class=\"woocommerce-LoopProduct-link woocommerce-loop-product__link\"><img decoding=\"async\" width=\"600\" height=\"750\" src=\"https:\/\/gedapeleda.lt\/wp-content\/uploads\/2025\/09\/21-1-600x750.jpg\" class=\"attachment-woocommerce_thumbnail size-woocommerce_thumbnail\" alt=\"EBONI MAXI\" srcset=\"https:\/\/gedapeleda.lt\/wp-content\/uploads\/2025\/09\/21-1-600x750.jpg 600w, https:\/\/gedapeleda.lt\/wp-content\/uploads\/2025\/09\/21-1-240x300.jpg 240w, https:\/\/gedapeleda.lt\/wp-content\/uploads\/2025\/09\/21-1-768x960.jpg 768w, https:\/\/gedapeleda.lt\/wp-content\/uploads\/2025\/09\/21-1-10x12.jpg 10w, https:\/\/gedapeleda.lt\/wp-content\/uploads\/2025\/09\/21-1.jpg 1080w\" sizes=\"(max-width: 600px) 100vw, 600px\" \/><h2 class=\"woocommerce-loop-product__title\">EBONI MAXI<\/h2>\n\t<span class=\"price\"><span class=\"woocommerce-Price-amount amount\"><bdi>269.00&nbsp;<span class=\"woocommerce-Price-currencySymbol\">&euro;<\/span><\/bdi><\/span><\/span>\n<\/a><a href=\"https:\/\/gedapeleda.lt\/en\/product\/eboni-maxi\/\" data-quantity=\"1\" class=\"button product_type_variable add_to_cart_button\" data-product_id=\"26348\" data-product_sku=\"\" aria-label=\"Select options for \u201cEBONI MAXI\u201d\" rel=\"nofollow\" data-no-translation-aria-label=\"\">ADD TO BAG<\/a><\/li>\n<li class=\"product type-product post-633 status-publish onbackorder product_cat-isankstiniai-uzsakymai product_cat-jai product_cat-rankines product_tag-lygiadienio10 product_tag-piniginedovana has-post-thumbnail taxable shipping-taxable purchasable product-type-variable\">\n\t<a href=\"https:\/\/gedapeleda.lt\/en\/product\/lygiadienio-peleda-mini\/\" class=\"woocommerce-LoopProduct-link woocommerce-loop-product__link\"><img decoding=\"async\" width=\"600\" height=\"840\" src=\"https:\/\/gedapeleda.lt\/wp-content\/uploads\/2023\/05\/Lygiadienio-Mini7-600x840.jpg\" class=\"attachment-woocommerce_thumbnail size-woocommerce_thumbnail\" alt=\"LYGIADIENIO PEL\u0116DA MINI BRAVO\" srcset=\"https:\/\/gedapeleda.lt\/wp-content\/uploads\/2023\/05\/Lygiadienio-Mini7-600x840.jpg 600w, https:\/\/gedapeleda.lt\/wp-content\/uploads\/2023\/05\/Lygiadienio-Mini7-214x300.jpg 214w, https:\/\/gedapeleda.lt\/wp-content\/uploads\/2023\/05\/Lygiadienio-Mini7-768x1075.jpg 768w, https:\/\/gedapeleda.lt\/wp-content\/uploads\/2023\/05\/Lygiadienio-Mini7.jpg 1088w\" sizes=\"(max-width: 600px) 100vw, 600px\" \/><h2 class=\"woocommerce-loop-product__title\">EQUINOX OWL MINI BRAVO<\/h2>\n\t<span class=\"price\"><span class=\"woocommerce-Price-amount amount\"><bdi>199.00&nbsp;<span class=\"woocommerce-Price-currencySymbol\">&euro;<\/span><\/bdi><\/span><\/span>\n<\/a><a href=\"https:\/\/gedapeleda.lt\/en\/product\/lygiadienio-peleda-mini\/\" data-quantity=\"1\" class=\"button product_type_variable add_to_cart_button\" data-product_id=\"633\" data-product_sku=\"\" aria-label=\"Select options for \u201cLYGIADIENIO PEL\u0116DA MINI BRAVO\u201d\" rel=\"nofollow\" data-no-translation-aria-label=\"\">ADD TO BAG<\/a><\/li>\n<li class=\"product type-product post-296 status-publish last onbackorder product_cat-isankstiniai-uzsakymai product_cat-jai product_cat-rankines product_tag-lygiadienio10 product_tag-piniginedovana has-post-thumbnail taxable shipping-taxable purchasable product-type-variable\">\n\t<a href=\"https:\/\/gedapeleda.lt\/en\/product\/lygiadienio-peleda-midi\/\" class=\"woocommerce-LoopProduct-link woocommerce-loop-product__link\"><img loading=\"lazy\" decoding=\"async\" width=\"600\" height=\"840\" src=\"https:\/\/gedapeleda.lt\/wp-content\/uploads\/2023\/05\/687e74d5-f15e-4898-809a-5940056798ca-600x840.jpg\" class=\"attachment-woocommerce_thumbnail size-woocommerce_thumbnail\" alt=\"LYGIADIENIO PEL\u0116DA MIDI BRAVO\" srcset=\"https:\/\/gedapeleda.lt\/wp-content\/uploads\/2023\/05\/687e74d5-f15e-4898-809a-5940056798ca-600x840.jpg 600w, https:\/\/gedapeleda.lt\/wp-content\/uploads\/2023\/05\/687e74d5-f15e-4898-809a-5940056798ca-214x300.jpg 214w, https:\/\/gedapeleda.lt\/wp-content\/uploads\/2023\/05\/687e74d5-f15e-4898-809a-5940056798ca-768x1075.jpg 768w, https:\/\/gedapeleda.lt\/wp-content\/uploads\/2023\/05\/687e74d5-f15e-4898-809a-5940056798ca-1097x1536.jpg 1097w, https:\/\/gedapeleda.lt\/wp-content\/uploads\/2023\/05\/687e74d5-f15e-4898-809a-5940056798ca-1463x2048.jpg 1463w, https:\/\/gedapeleda.lt\/wp-content\/uploads\/2023\/05\/687e74d5-f15e-4898-809a-5940056798ca.jpg 1626w\" sizes=\"(max-width: 600px) 100vw, 600px\" \/><h2 class=\"woocommerce-loop-product__title\">EQUINOX OWL MIDI BRAVO<\/h2>\n\t<span class=\"price\"><span class=\"woocommerce-Price-amount amount\"><bdi>229.00&nbsp;<span class=\"woocommerce-Price-currencySymbol\">&euro;<\/span><\/bdi><\/span><\/span>\n<\/a><a href=\"https:\/\/gedapeleda.lt\/en\/product\/lygiadienio-peleda-midi\/\" data-quantity=\"1\" class=\"button product_type_variable add_to_cart_button\" data-product_id=\"296\" data-product_sku=\"\" aria-label=\"Select options for \u201cLYGIADIENIO PEL\u0116DA MIDI BRAVO\u201d\" rel=\"nofollow\" data-no-translation-aria-label=\"\">ADD TO BAG<\/a><\/li>\n<li class=\"product type-product post-27171 status-publish first instock product_cat-turime-studijoje product_tag-lygiadienio10 product_tag-piniginedovana has-post-thumbnail taxable shipping-taxable purchasable product-type-variable\">\n\t<a href=\"https:\/\/gedapeleda.lt\/en\/product\/lygiadienio-peleda-midi-bravo-garstyciu-geltona\/\" class=\"woocommerce-LoopProduct-link woocommerce-loop-product__link\"><img loading=\"lazy\" decoding=\"async\" width=\"600\" height=\"840\" src=\"https:\/\/gedapeleda.lt\/wp-content\/uploads\/2023\/05\/IMG_9590-600x840.jpg\" class=\"attachment-woocommerce_thumbnail size-woocommerce_thumbnail\" alt=\"LYGIADIENIO PEL\u0116DA MIDI BRAVO GARSTY\u010cI\u0172 GELTONA\" srcset=\"https:\/\/gedapeleda.lt\/wp-content\/uploads\/2023\/05\/IMG_9590-600x840.jpg 600w, https:\/\/gedapeleda.lt\/wp-content\/uploads\/2023\/05\/IMG_9590-214x300.jpg 214w, https:\/\/gedapeleda.lt\/wp-content\/uploads\/2023\/05\/IMG_9590.jpg 680w\" sizes=\"(max-width: 600px) 100vw, 600px\" \/><h2 class=\"woocommerce-loop-product__title\">LYGIADIENIO PEL\u0116DA MIDI BRAVO GARSTY\u010cI\u0172 GELTONA<\/h2>\n\t<span class=\"price\"><span class=\"woocommerce-Price-amount amount\"><bdi>229.00&nbsp;<span class=\"woocommerce-Price-currencySymbol\">&euro;<\/span><\/bdi><\/span><\/span>\n<\/a><a href=\"https:\/\/gedapeleda.lt\/en\/product\/lygiadienio-peleda-midi-bravo-garstyciu-geltona\/\" data-quantity=\"1\" class=\"button product_type_variable add_to_cart_button\" data-product_id=\"27171\" data-product_sku=\"\" aria-label=\"Select options for \u201cLYGIADIENIO PEL\u0116DA MIDI BRAVO GARSTY\u010cI\u0172 GELTONA\u201d\" rel=\"nofollow\" data-no-translation-aria-label=\"\">ADD TO BAG<\/a><\/li>\n<li class=\"product type-product post-25842 status-publish onbackorder product_cat-isankstiniai-uzsakymai product_cat-jai product_cat-rankines product_tag-lygiadienio10 product_tag-piniginedovana has-post-thumbnail taxable shipping-taxable purchasable product-type-variable\">\n\t<a href=\"https:\/\/gedapeleda.lt\/en\/product\/lygiadienio-peleda-mini-coal\/\" class=\"woocommerce-LoopProduct-link woocommerce-loop-product__link\"><img loading=\"lazy\" decoding=\"async\" width=\"600\" height=\"750\" src=\"https:\/\/gedapeleda.lt\/wp-content\/uploads\/2025\/09\/22-600x750.jpg\" class=\"attachment-woocommerce_thumbnail size-woocommerce_thumbnail\" alt=\"LYGIADIENIO PEL\u0116DA MINI COAL\" srcset=\"https:\/\/gedapeleda.lt\/wp-content\/uploads\/2025\/09\/22-600x750.jpg 600w, https:\/\/gedapeleda.lt\/wp-content\/uploads\/2025\/09\/22-240x300.jpg 240w, https:\/\/gedapeleda.lt\/wp-content\/uploads\/2025\/09\/22-768x960.jpg 768w, https:\/\/gedapeleda.lt\/wp-content\/uploads\/2025\/09\/22-10x12.jpg 10w, https:\/\/gedapeleda.lt\/wp-content\/uploads\/2025\/09\/22.jpg 1080w\" sizes=\"(max-width: 600px) 100vw, 600px\" \/><h2 class=\"woocommerce-loop-product__title\">EQUINOX OWL MINI COAL<\/h2>\n\t<span class=\"price\"><span class=\"woocommerce-Price-amount amount\"><bdi>199.00&nbsp;<span class=\"woocommerce-Price-currencySymbol\">&euro;<\/span><\/bdi><\/span><\/span>\n<\/a><a href=\"https:\/\/gedapeleda.lt\/en\/product\/lygiadienio-peleda-mini-coal\/\" data-quantity=\"1\" class=\"button product_type_variable add_to_cart_button\" data-product_id=\"25842\" data-product_sku=\"\" aria-label=\"Select options for \u201cLYGIADIENIO PEL\u0116DA MINI COAL\u201d\" rel=\"nofollow\" data-no-translation-aria-label=\"\">ADD TO BAG<\/a><\/li>\n<li class=\"product type-product post-25945 status-publish instock product_cat-turime-studijoje product_tag-lygiadienio10 has-post-thumbnail taxable shipping-taxable purchasable product-type-variable\">\n\t<a href=\"https:\/\/gedapeleda.lt\/en\/product\/lygiadienio-peleda-mini-coal-latte\/\" class=\"woocommerce-LoopProduct-link woocommerce-loop-product__link\"><img loading=\"lazy\" decoding=\"async\" width=\"600\" height=\"900\" src=\"https:\/\/gedapeleda.lt\/wp-content\/uploads\/2025\/04\/lyg-mini-2-600x900.jpg\" class=\"attachment-woocommerce_thumbnail size-woocommerce_thumbnail\" alt=\"LYGIADIENIO PEL\u0116DA MINI COAL LATTE\" srcset=\"https:\/\/gedapeleda.lt\/wp-content\/uploads\/2025\/04\/lyg-mini-2-600x900.jpg 600w, https:\/\/gedapeleda.lt\/wp-content\/uploads\/2025\/04\/lyg-mini-2-200x300.jpg 200w, https:\/\/gedapeleda.lt\/wp-content\/uploads\/2025\/04\/lyg-mini-2-768x1152.jpg 768w, https:\/\/gedapeleda.lt\/wp-content\/uploads\/2025\/04\/lyg-mini-2-1024x1536.jpg 1024w, https:\/\/gedapeleda.lt\/wp-content\/uploads\/2025\/04\/lyg-mini-2.jpg 1040w\" sizes=\"(max-width: 600px) 100vw, 600px\" \/><h2 class=\"woocommerce-loop-product__title\">LYGIADIENIO PEL\u0116DA MINI COAL LATTE<\/h2>\n\t<span class=\"price\"><span class=\"woocommerce-Price-amount amount\"><bdi>199.00&nbsp;<span class=\"woocommerce-Price-currencySymbol\">&euro;<\/span><\/bdi><\/span><\/span>\n<\/a><a href=\"https:\/\/gedapeleda.lt\/en\/product\/lygiadienio-peleda-mini-coal-latte\/\" data-quantity=\"1\" class=\"button product_type_variable add_to_cart_button\" data-product_id=\"25945\" data-product_sku=\"\" aria-label=\"Select options for \u201cLYGIADIENIO PEL\u0116DA MINI COAL LATTE\u201d\" rel=\"nofollow\" data-no-translation-aria-label=\"\">ADD TO BAG<\/a><\/li>\n<li class=\"product type-product post-23682 status-publish last onbackorder product_cat-isankstiniai-uzsakymai product_cat-jai product_cat-rankines product_tag-lygiadienio10 product_tag-piniginedovana has-post-thumbnail taxable shipping-taxable purchasable product-type-variable\">\n\t<a href=\"https:\/\/gedapeleda.lt\/en\/product\/lygiadienio-peleda-midi-coal\/\" class=\"woocommerce-LoopProduct-link woocommerce-loop-product__link\"><img loading=\"lazy\" decoding=\"async\" width=\"600\" height=\"899\" src=\"https:\/\/gedapeleda.lt\/wp-content\/uploads\/2024\/03\/akr00485-scaled-600x899.jpg\" class=\"attachment-woocommerce_thumbnail size-woocommerce_thumbnail\" alt=\"LYGIADIENIO PEL\u0116DA MIDI COAL\" srcset=\"https:\/\/gedapeleda.lt\/wp-content\/uploads\/2024\/03\/akr00485-scaled-600x899.jpg 600w, https:\/\/gedapeleda.lt\/wp-content\/uploads\/2024\/03\/akr00485-200x300.jpg 200w, https:\/\/gedapeleda.lt\/wp-content\/uploads\/2024\/03\/akr00485-768x1151.jpg 768w, https:\/\/gedapeleda.lt\/wp-content\/uploads\/2024\/03\/akr00485-1025x1536.jpg 1025w, https:\/\/gedapeleda.lt\/wp-content\/uploads\/2024\/03\/akr00485-1366x2048.jpg 1366w, https:\/\/gedapeleda.lt\/wp-content\/uploads\/2024\/03\/akr00485-scaled.jpg 1708w\" sizes=\"(max-width: 600px) 100vw, 600px\" \/><h2 class=\"woocommerce-loop-product__title\">EQUINOX OWL MIDI COAL<\/h2>\n\t<span class=\"price\"><span class=\"woocommerce-Price-amount amount\"><bdi>229.00&nbsp;<span class=\"woocommerce-Price-currencySymbol\">&euro;<\/span><\/bdi><\/span><\/span>\n<\/a><a href=\"https:\/\/gedapeleda.lt\/en\/product\/lygiadienio-peleda-midi-coal\/\" data-quantity=\"1\" class=\"button product_type_variable add_to_cart_button\" data-product_id=\"23682\" data-product_sku=\"\" aria-label=\"Select options for \u201cLYGIADIENIO PEL\u0116DA MIDI COAL\u201d\" rel=\"nofollow\" data-no-translation-aria-label=\"\">ADD TO BAG<\/a><\/li>\n<li class=\"product type-product post-25951 status-publish first instock product_cat-turime-studijoje product_tag-lygiadienio10 product_tag-piniginedovana has-post-thumbnail taxable shipping-taxable purchasable product-type-variable\">\n\t<a href=\"https:\/\/gedapeleda.lt\/en\/product\/lygiadienio-peleda-midi-coal-latte\/\" class=\"woocommerce-LoopProduct-link woocommerce-loop-product__link\"><img loading=\"lazy\" decoding=\"async\" width=\"600\" height=\"883\" src=\"https:\/\/gedapeleda.lt\/wp-content\/uploads\/2025\/04\/IMG_9253-600x883.jpg\" class=\"attachment-woocommerce_thumbnail size-woocommerce_thumbnail\" alt=\"LYGIADIENIO PEL\u0116DA MIDI COAL LATTE\" srcset=\"https:\/\/gedapeleda.lt\/wp-content\/uploads\/2025\/04\/IMG_9253-600x883.jpg 600w, https:\/\/gedapeleda.lt\/wp-content\/uploads\/2025\/04\/IMG_9253-204x300.jpg 204w, https:\/\/gedapeleda.lt\/wp-content\/uploads\/2025\/04\/IMG_9253-768x1130.jpg 768w, https:\/\/gedapeleda.lt\/wp-content\/uploads\/2025\/04\/IMG_9253-1044x1536.jpg 1044w, https:\/\/gedapeleda.lt\/wp-content\/uploads\/2025\/04\/IMG_9253.jpg 1093w\" sizes=\"(max-width: 600px) 100vw, 600px\" \/><h2 class=\"woocommerce-loop-product__title\">LYGIADIENIO PEL\u0116DA MIDI COAL LATTE<\/h2>\n\t<span class=\"price\"><span class=\"woocommerce-Price-amount amount\"><bdi>229.00&nbsp;<span class=\"woocommerce-Price-currencySymbol\">&euro;<\/span><\/bdi><\/span><\/span>\n<\/a><a href=\"https:\/\/gedapeleda.lt\/en\/product\/lygiadienio-peleda-midi-coal-latte\/\" data-quantity=\"1\" class=\"button product_type_variable add_to_cart_button\" data-product_id=\"25951\" data-product_sku=\"\" aria-label=\"Select options for \u201cLYGIADIENIO PEL\u0116DA MIDI COAL LATTE\u201d\" rel=\"nofollow\" data-no-translation-aria-label=\"\">ADD TO BAG<\/a><\/li>\n<li class=\"product type-product post-943 status-publish onbackorder product_cat-isankstiniai-uzsakymai product_cat-jai product_cat-kuprines product_cat-rankines product_tag-lygiadienio10 product_tag-piniginedovana has-post-thumbnail taxable shipping-taxable purchasable product-type-variable\">\n\t<a href=\"https:\/\/gedapeleda.lt\/en\/product\/lygiadienio-peleda-bravo\/\" class=\"woocommerce-LoopProduct-link woocommerce-loop-product__link\"><img loading=\"lazy\" decoding=\"async\" width=\"600\" height=\"900\" src=\"https:\/\/gedapeleda.lt\/wp-content\/uploads\/2023\/05\/MG_4917-min-600x900.jpg\" class=\"attachment-woocommerce_thumbnail size-woocommerce_thumbnail\" alt=\"LYGIADIENIO PEL\u0116DA BRAVO\" srcset=\"https:\/\/gedapeleda.lt\/wp-content\/uploads\/2023\/05\/MG_4917-min-600x900.jpg 600w, https:\/\/gedapeleda.lt\/wp-content\/uploads\/2023\/05\/MG_4917-min.jpg 800w\" sizes=\"(max-width: 600px) 100vw, 600px\" \/><h2 class=\"woocommerce-loop-product__title\">EQUINOX OWL BRAVO<\/h2>\n\t<span class=\"price\"><span class=\"woocommerce-Price-amount amount\"><bdi>229.00&nbsp;<span class=\"woocommerce-Price-currencySymbol\">&euro;<\/span><\/bdi><\/span><\/span>\n<\/a><a href=\"https:\/\/gedapeleda.lt\/en\/product\/lygiadienio-peleda-bravo\/\" data-quantity=\"1\" class=\"button product_type_variable add_to_cart_button\" data-product_id=\"943\" data-product_sku=\"\" aria-label=\"Select options for \u201cLYGIADIENIO PEL\u0116DA BRAVO\u201d\" rel=\"nofollow\" data-no-translation-aria-label=\"\">ADD TO BAG<\/a><\/li>\n<li class=\"product type-product post-27183 status-publish instock product_cat-turime-studijoje product_tag-lygiadienio10 product_tag-piniginedovana has-post-thumbnail taxable shipping-taxable purchasable product-type-variable\">\n\t<a href=\"https:\/\/gedapeleda.lt\/en\/product\/lygiadienio-peleda-bravo-pilka\/\" class=\"woocommerce-LoopProduct-link woocommerce-loop-product__link\"><img loading=\"lazy\" decoding=\"async\" width=\"600\" height=\"899\" src=\"https:\/\/gedapeleda.lt\/wp-content\/uploads\/2026\/02\/IMG_6920-600x899.jpeg\" class=\"attachment-woocommerce_thumbnail size-woocommerce_thumbnail\" alt=\"LYGIADIENIO PEL\u0116DA BRAVO PILKA\" srcset=\"https:\/\/gedapeleda.lt\/wp-content\/uploads\/2026\/02\/IMG_6920-600x899.jpeg 600w, https:\/\/gedapeleda.lt\/wp-content\/uploads\/2026\/02\/IMG_6920-200x300.jpeg 200w, https:\/\/gedapeleda.lt\/wp-content\/uploads\/2026\/02\/IMG_6920-768x1151.jpeg 768w, https:\/\/gedapeleda.lt\/wp-content\/uploads\/2026\/02\/IMG_6920-1025x1536.jpeg 1025w, https:\/\/gedapeleda.lt\/wp-content\/uploads\/2026\/02\/IMG_6920-1367x2048.jpeg 1367w, https:\/\/gedapeleda.lt\/wp-content\/uploads\/2026\/02\/IMG_6920-8x12.jpeg 8w, https:\/\/gedapeleda.lt\/wp-content\/uploads\/2026\/02\/IMG_6920-scaled.jpeg 1708w\" sizes=\"(max-width: 600px) 100vw, 600px\" \/><h2 class=\"woocommerce-loop-product__title\">LYGIADIENIO PEL\u0116DA BRAVO PILKA<\/h2>\n\t<span class=\"price\"><span class=\"woocommerce-Price-amount amount\"><bdi>229.00&nbsp;<span class=\"woocommerce-Price-currencySymbol\">&euro;<\/span><\/bdi><\/span><\/span>\n<\/a><a href=\"https:\/\/gedapeleda.lt\/en\/product\/lygiadienio-peleda-bravo-pilka\/\" data-quantity=\"1\" class=\"button product_type_variable add_to_cart_button\" data-product_id=\"27183\" data-product_sku=\"\" aria-label=\"Select options for \u201cLYGIADIENIO PEL\u0116DA BRAVO PILKA\u201d\" rel=\"nofollow\" data-no-translation-aria-label=\"\">ADD TO BAG<\/a><\/li>\n<li class=\"product type-product post-789 status-publish last onbackorder product_cat-isankstiniai-uzsakymai product_cat-jai product_cat-kuprines product_cat-rankines product_tag-lygiadienio10 product_tag-piniginedovana has-post-thumbnail taxable shipping-taxable purchasable product-type-variable\">\n\t<a href=\"https:\/\/gedapeleda.lt\/en\/product\/lygiadienio-peleda-coal-juoda\/\" class=\"woocommerce-LoopProduct-link woocommerce-loop-product__link\"><img loading=\"lazy\" decoding=\"async\" width=\"600\" height=\"840\" src=\"https:\/\/gedapeleda.lt\/wp-content\/uploads\/2023\/05\/Geda_Peleda_Edit-56-scaled-min-600x840.jpg\" class=\"attachment-woocommerce_thumbnail size-woocommerce_thumbnail\" alt=\"LYGIADIENIO PEL\u0116DA COAL\" srcset=\"https:\/\/gedapeleda.lt\/wp-content\/uploads\/2023\/05\/Geda_Peleda_Edit-56-scaled-min-600x840.jpg 600w, https:\/\/gedapeleda.lt\/wp-content\/uploads\/2023\/05\/Geda_Peleda_Edit-56-scaled-min.jpg 1829w\" sizes=\"(max-width: 600px) 100vw, 600px\" \/><h2 class=\"woocommerce-loop-product__title\">EQUINOX OWL COAL<\/h2>\n\t<span class=\"price\"><span class=\"woocommerce-Price-amount amount\"><bdi>229.00&nbsp;<span class=\"woocommerce-Price-currencySymbol\">&euro;<\/span><\/bdi><\/span><\/span>\n<\/a><a href=\"https:\/\/gedapeleda.lt\/en\/product\/lygiadienio-peleda-coal-juoda\/\" data-quantity=\"1\" class=\"button product_type_variable add_to_cart_button\" data-product_id=\"789\" data-product_sku=\"\" aria-label=\"Select options for \u201cLYGIADIENIO PEL\u0116DA COAL\u201d\" rel=\"nofollow\" data-no-translation-aria-label=\"\">ADD TO BAG<\/a><\/li>\n<\/ul>\n<\/div>\n<\/div>\n\t\t\t\t\t\t<\/div>\n\t\t\t\t<\/div>\n\t\t\t\t\t<\/div>\n\t\t<\/div>\n\t\t\t\t\t<\/div>\n\t\t<\/section>\n\t\t\t\t<\/div>","protected":false},"excerpt":{"rendered":"<p>Lydiadienio Pel\u0117dos -10%<\/p>","protected":false},"author":9,"featured_media":0,"parent":0,"menu_order":0,"comment_status":"closed","ping_status":"closed","template":"","meta":{"footnotes":""},"class_list":["post-25699","page","type-page","status-publish","hentry"],"blocksy_meta":{"has_hero_section":"disabled","styles_descriptor":{"styles":{"desktop":"","tablet":"","mobile":""},"google_fonts":[],"version":6}},"aioseo_notices":[],"jetpack_sharing_enabled":true,"_links":{"self":[{"href":"https:\/\/gedapeleda.lt\/en\/wp-json\/wp\/v2\/pages\/25699","targetHints":{"allow":["GET"]}}],"collection":[{"href":"https:\/\/gedapeleda.lt\/en\/wp-json\/wp\/v2\/pages"}],"about":[{"href":"https:\/\/gedapeleda.lt\/en\/wp-json\/wp\/v2\/types\/page"}],"author":[{"embeddable":true,"href":"https:\/\/gedapeleda.lt\/en\/wp-json\/wp\/v2\/users\/9"}],"replies":[{"embeddable":true,"href":"https:\/\/gedapeleda.lt\/en\/wp-json\/wp\/v2\/comments?post=25699"}],"version-history":[{"count":4,"href":"https:\/\/gedapeleda.lt\/en\/wp-json\/wp\/v2\/pages\/25699\/revisions"}],"predecessor-version":[{"id":25703,"href":"https:\/\/gedapeleda.lt\/en\/wp-json\/wp\/v2\/pages\/25699\/revisions\/25703"}],"wp:attachment":[{"href":"https:\/\/gedapeleda.lt\/en\/wp-json\/wp\/v2\/media?parent=25699"}],"curies":[{"name":"wp","href":"https:\/\/api.w.org\/{rel}","templated":true}]}}