{"id":27376,"date":"2026-03-26T08:22:45","date_gmt":"2026-03-26T08:22:45","guid":{"rendered":"https:\/\/gedapeleda.lt\/?page_id=27376"},"modified":"2026-03-30T12:26:59","modified_gmt":"2026-03-30T12:26:59","slug":"rankos-kurios-kuria","status":"publish","type":"page","link":"https:\/\/gedapeleda.lt\/en\/rankos-kurios-kuria\/","title":{"rendered":"The Hands Behind"},"content":{"rendered":"<div data-elementor-type=\"wp-page\" data-elementor-id=\"27376\" class=\"elementor elementor-27376\" data-elementor-post-type=\"page\">\n\t\t\t\t\t\t<section class=\"elementor-section elementor-top-section elementor-element elementor-element-690ece9 animated-slow ct-section-stretched elementor-section-full_width elementor-section-height-default elementor-section-height-default elementor-invisible\" data-id=\"690ece9\" data-element_type=\"section\" data-settings=\"{&quot;animation&quot;:&quot;fadeIn&quot;,&quot;animation_delay&quot;:200}\">\n\t\t\t\t\t\t\t<div class=\"elementor-background-overlay\"><\/div>\n\t\t\t\t\t\t\t<div class=\"elementor-container elementor-column-gap-no\">\n\t\t\t\t\t<div class=\"elementor-column elementor-col-50 elementor-top-column elementor-element elementor-element-e39f50c\" data-id=\"e39f50c\" data-element_type=\"column\" data-settings=\"{&quot;background_background&quot;:&quot;classic&quot;}\">\n\t\t\t<div class=\"elementor-widget-wrap elementor-element-populated\">\n\t\t\t\t\t\t<div class=\"elementor-element elementor-element-d0de213 elementor-widget__width-initial elementor-hidden-mobile elementor-widget elementor-widget-text-editor\" data-id=\"d0de213\" data-element_type=\"widget\" data-widget_type=\"text-editor.default\">\n\t\t\t\t<div class=\"elementor-widget-container\">\n\t\t\t\t\t\t\t\t\tBehind every piece \u2014<br> a craftswoman\u2019s hands, <br>her experience, and her touch.\t\t\t\t\t\t\t\t<\/div>\n\t\t\t\t<\/div>\n\t\t\t\t\t<\/div>\n\t\t<\/div>\n\t\t\t\t<div class=\"elementor-column elementor-col-50 elementor-top-column elementor-element elementor-element-e8938e8\" data-id=\"e8938e8\" data-element_type=\"column\" data-settings=\"{&quot;background_background&quot;:&quot;classic&quot;}\">\n\t\t\t<div class=\"elementor-widget-wrap elementor-element-populated\">\n\t\t\t\t\t\t<div class=\"elementor-element elementor-element-a148e61 elementor-widget__width-initial elementor-widget elementor-widget-text-editor\" data-id=\"a148e61\" data-element_type=\"widget\" data-widget_type=\"text-editor.default\">\n\t\t\t\t<div class=\"elementor-widget-container\">\n\t\t\t\t\t\t\t\t\t<p>The Hands Behind<\/p>\t\t\t\t\t\t\t\t<\/div>\n\t\t\t\t<\/div>\n\t\t\t\t<div class=\"elementor-element elementor-element-736ca70 elementor-widget__width-initial elementor-hidden-mobile elementor-widget elementor-widget-text-editor\" data-id=\"736ca70\" data-element_type=\"widget\" data-widget_type=\"text-editor.default\">\n\t\t\t\t<div class=\"elementor-widget-container\">\n\t\t\t\t\t\t\t\t\t<p>The brand has been alive for more than thirteen years, and today our team is made up of three women \u2014 myself, Kristina, and two exceptionally experienced craftswomen, Daiva and And\u017eela. Each of them brings over thirty-five years of experience working with leather. It is a level of craftsmanship shaped over time, through patience and thousands of hours at the workbench.<\/p><p>My role is to create new designs, to connect with you, and to safely send each Pel\u0117da to its new home.\nA direct connection with the people who choose our creations means a lot to me.<\/p><p>For us, every order is not just an object \u2014 it is a person we are creating for.<\/p>\t\t\t\t\t\t\t\t<\/div>\n\t\t\t\t<\/div>\n\t\t\t\t\t<\/div>\n\t\t<\/div>\n\t\t\t\t\t<\/div>\n\t\t<\/section>\n\t\t\t\t<section class=\"elementor-section elementor-top-section elementor-element elementor-element-2f56465 ct-section-stretched elementor-section-full_width elementor-section-height-default elementor-section-height-default\" data-id=\"2f56465\" data-element_type=\"section\" data-settings=\"{&quot;background_background&quot;:&quot;classic&quot;}\">\n\t\t\t\t\t\t<div class=\"elementor-container elementor-column-gap-default\">\n\t\t\t\t\t<div class=\"elementor-column elementor-col-100 elementor-top-column elementor-element elementor-element-1c04d7d\" data-id=\"1c04d7d\" data-element_type=\"column\" data-settings=\"{&quot;background_background&quot;:&quot;classic&quot;}\">\n\t\t\t<div class=\"elementor-widget-wrap\">\n\t\t\t\t\t\t\t<\/div>\n\t\t<\/div>\n\t\t\t\t\t<\/div>\n\t\t<\/section>\n\t\t\t\t<section class=\"elementor-section elementor-top-section elementor-element elementor-element-049f8fb animated-slow ct-section-stretched elementor-section-full_width elementor-section-height-default elementor-section-height-default elementor-invisible\" data-id=\"049f8fb\" data-element_type=\"section\" data-settings=\"{&quot;animation&quot;:&quot;fadeIn&quot;,&quot;animation_delay&quot;:200}\">\n\t\t\t\t\t\t\t<div class=\"elementor-background-overlay\"><\/div>\n\t\t\t\t\t\t\t<div class=\"elementor-container elementor-column-gap-no\">\n\t\t\t\t\t<div class=\"elementor-column elementor-col-33 elementor-top-column elementor-element elementor-element-fde2e7e\" data-id=\"fde2e7e\" data-element_type=\"column\" data-settings=\"{&quot;background_background&quot;:&quot;classic&quot;}\">\n\t\t\t<div class=\"elementor-widget-wrap elementor-element-populated\">\n\t\t\t\t\t\t<div class=\"elementor-element elementor-element-71fab79 elementor-widget__width-initial elementor-widget elementor-widget-text-editor\" data-id=\"71fab79\" data-element_type=\"widget\" data-widget_type=\"text-editor.default\">\n\t\t\t\t<div class=\"elementor-widget-container\">\n\t\t\t\t\t\t\t\t\t<p>G\u0117da Pel\u0117da is a creative home where handmade leather handbags are born.<\/p>\t\t\t\t\t\t\t\t<\/div>\n\t\t\t\t<\/div>\n\t\t\t\t\t<\/div>\n\t\t<\/div>\n\t\t\t\t<div class=\"elementor-column elementor-col-66 elementor-top-column elementor-element elementor-element-cb4524e\" data-id=\"cb4524e\" data-element_type=\"column\" data-settings=\"{&quot;background_background&quot;:&quot;classic&quot;}\">\n\t\t\t<div class=\"elementor-widget-wrap elementor-element-populated\">\n\t\t\t\t\t\t<section class=\"elementor-section elementor-inner-section elementor-element elementor-element-ff9f834 elementor-section-boxed elementor-section-height-default elementor-section-height-default\" data-id=\"ff9f834\" data-element_type=\"section\">\n\t\t\t\t\t\t<div class=\"elementor-container elementor-column-gap-default\">\n\t\t\t\t\t<div class=\"elementor-column elementor-col-50 elementor-inner-column elementor-element elementor-element-557c7c2\" data-id=\"557c7c2\" data-element_type=\"column\">\n\t\t\t<div class=\"elementor-widget-wrap elementor-element-populated\">\n\t\t\t\t\t\t<div class=\"elementor-element elementor-element-ba5e49e elementor-widget elementor-widget-image\" data-id=\"ba5e49e\" data-element_type=\"widget\" data-widget_type=\"image.default\">\n\t\t\t\t<div class=\"elementor-widget-container\">\n\t\t\t\t\t\t\t\t\t\t\t\t\t\t\t<img fetchpriority=\"high\" decoding=\"async\" width=\"1352\" height=\"868\" src=\"https:\/\/gedapeleda.lt\/wp-content\/uploads\/2026\/03\/Rectangle-3-1.png\" class=\"attachment-full size-full wp-image-27389\" alt=\"\" srcset=\"https:\/\/gedapeleda.lt\/wp-content\/uploads\/2026\/03\/Rectangle-3-1.png 1352w, https:\/\/gedapeleda.lt\/wp-content\/uploads\/2026\/03\/Rectangle-3-1-300x193.png 300w, https:\/\/gedapeleda.lt\/wp-content\/uploads\/2026\/03\/Rectangle-3-1-768x493.png 768w, https:\/\/gedapeleda.lt\/wp-content\/uploads\/2026\/03\/Rectangle-3-1-18x12.png 18w, https:\/\/gedapeleda.lt\/wp-content\/uploads\/2026\/03\/Rectangle-3-1-600x385.png 600w\" sizes=\"(max-width: 1352px) 100vw, 1352px\" \/>\t\t\t\t\t\t\t\t\t\t\t\t\t\t\t<\/div>\n\t\t\t\t<\/div>\n\t\t\t\t\t<\/div>\n\t\t<\/div>\n\t\t\t\t<div class=\"elementor-column elementor-col-50 elementor-inner-column elementor-element elementor-element-8754dfa\" data-id=\"8754dfa\" data-element_type=\"column\">\n\t\t\t<div class=\"elementor-widget-wrap elementor-element-populated\">\n\t\t\t\t\t\t<div class=\"elementor-element elementor-element-5273cfc elementor-widget elementor-widget-image\" data-id=\"5273cfc\" data-element_type=\"widget\" data-widget_type=\"image.default\">\n\t\t\t\t<div class=\"elementor-widget-container\">\n\t\t\t\t\t\t\t\t\t\t\t\t\t\t\t<img decoding=\"async\" width=\"1352\" height=\"868\" src=\"https:\/\/gedapeleda.lt\/wp-content\/uploads\/2026\/03\/Rectangle-2-1.png\" class=\"attachment-full size-full wp-image-27390\" alt=\"\" srcset=\"https:\/\/gedapeleda.lt\/wp-content\/uploads\/2026\/03\/Rectangle-2-1.png 1352w, https:\/\/gedapeleda.lt\/wp-content\/uploads\/2026\/03\/Rectangle-2-1-300x193.png 300w, https:\/\/gedapeleda.lt\/wp-content\/uploads\/2026\/03\/Rectangle-2-1-768x493.png 768w, https:\/\/gedapeleda.lt\/wp-content\/uploads\/2026\/03\/Rectangle-2-1-18x12.png 18w, https:\/\/gedapeleda.lt\/wp-content\/uploads\/2026\/03\/Rectangle-2-1-600x385.png 600w\" sizes=\"(max-width: 1352px) 100vw, 1352px\" \/>\t\t\t\t\t\t\t\t\t\t\t\t\t\t\t<\/div>\n\t\t\t\t<\/div>\n\t\t\t\t\t<\/div>\n\t\t<\/div>\n\t\t\t\t\t<\/div>\n\t\t<\/section>\n\t\t\t\t\t<\/div>\n\t\t<\/div>\n\t\t\t\t\t<\/div>\n\t\t<\/section>\n\t\t\t\t<section class=\"elementor-section elementor-top-section elementor-element elementor-element-b31fa23 animated-slow ct-section-stretched elementor-section-full_width elementor-section-height-default elementor-section-height-default elementor-invisible\" data-id=\"b31fa23\" data-element_type=\"section\" data-settings=\"{&quot;animation&quot;:&quot;fadeIn&quot;,&quot;animation_delay&quot;:200}\">\n\t\t\t\t\t\t\t<div class=\"elementor-background-overlay\"><\/div>\n\t\t\t\t\t\t\t<div class=\"elementor-container elementor-column-gap-no\">\n\t\t\t\t\t<div class=\"elementor-column elementor-col-66 elementor-top-column elementor-element elementor-element-960e02b\" data-id=\"960e02b\" data-element_type=\"column\" data-settings=\"{&quot;background_background&quot;:&quot;classic&quot;}\">\n\t\t\t<div class=\"elementor-widget-wrap elementor-element-populated\">\n\t\t\t\t\t\t<section class=\"elementor-section elementor-inner-section elementor-element elementor-element-4483187 elementor-section-boxed elementor-section-height-default elementor-section-height-default\" data-id=\"4483187\" data-element_type=\"section\">\n\t\t\t\t\t\t<div class=\"elementor-container elementor-column-gap-default\">\n\t\t\t\t\t<div class=\"elementor-column elementor-col-100 elementor-inner-column elementor-element elementor-element-29293c1\" data-id=\"29293c1\" data-element_type=\"column\">\n\t\t\t<div class=\"elementor-widget-wrap elementor-element-populated\">\n\t\t\t\t\t\t<div class=\"elementor-element elementor-element-5bf8399 elementor-widget elementor-widget-image\" data-id=\"5bf8399\" data-element_type=\"widget\" data-widget_type=\"image.default\">\n\t\t\t\t<div class=\"elementor-widget-container\">\n\t\t\t\t\t\t\t\t\t\t\t\t\t\t\t<img decoding=\"async\" width=\"1736\" height=\"1372\" src=\"https:\/\/gedapeleda.lt\/wp-content\/uploads\/2026\/03\/Frame-8.png\" class=\"attachment-full size-full wp-image-27391\" alt=\"\" srcset=\"https:\/\/gedapeleda.lt\/wp-content\/uploads\/2026\/03\/Frame-8.png 1736w, https:\/\/gedapeleda.lt\/wp-content\/uploads\/2026\/03\/Frame-8-300x237.png 300w, https:\/\/gedapeleda.lt\/wp-content\/uploads\/2026\/03\/Frame-8-768x607.png 768w, https:\/\/gedapeleda.lt\/wp-content\/uploads\/2026\/03\/Frame-8-1536x1214.png 1536w, https:\/\/gedapeleda.lt\/wp-content\/uploads\/2026\/03\/Frame-8-15x12.png 15w, https:\/\/gedapeleda.lt\/wp-content\/uploads\/2026\/03\/Frame-8-600x474.png 600w\" sizes=\"(max-width: 1736px) 100vw, 1736px\" \/>\t\t\t\t\t\t\t\t\t\t\t\t\t\t\t<\/div>\n\t\t\t\t<\/div>\n\t\t\t\t\t<\/div>\n\t\t<\/div>\n\t\t\t\t\t<\/div>\n\t\t<\/section>\n\t\t\t\t\t<\/div>\n\t\t<\/div>\n\t\t\t\t<div class=\"elementor-column elementor-col-33 elementor-top-column elementor-element elementor-element-1cf66db\" data-id=\"1cf66db\" data-element_type=\"column\" data-settings=\"{&quot;background_background&quot;:&quot;classic&quot;}\">\n\t\t\t<div class=\"elementor-widget-wrap elementor-element-populated\">\n\t\t\t\t\t\t<div class=\"elementor-element elementor-element-c9e2fdd elementor-widget__width-initial elementor-hidden-mobile elementor-widget elementor-widget-text-editor\" data-id=\"c9e2fdd\" data-element_type=\"widget\" data-widget_type=\"text-editor.default\">\n\t\t\t\t<div class=\"elementor-widget-container\">\n\t\t\t\t\t\t\t\t\t<p>G\u0117da Pel\u0117da studio is a creative space free from production lines and fragmented processes.\nEach handbag is brought to life in the hands of a single craftswoman \u2014 from the first cut of leather to the final stitch.<\/p><p>One order \u2014 one handbag \u2014 one craftswoman\u2019s full attention. A process she carries from beginning to end. Precise work where every detail matters.<\/p><p>Every kind word from you means more than we can express, as each handbag carries not only our time and work, but also a part of us.<\/p>\t\t\t\t\t\t\t\t<\/div>\n\t\t\t\t<\/div>\n\t\t\t\t\t<\/div>\n\t\t<\/div>\n\t\t\t\t\t<\/div>\n\t\t<\/section>\n\t\t\t\t<\/div>","protected":false},"excerpt":{"rendered":"<p>U\u017e kiekvieno k\u016brinio \u2013 meistr\u0117s rankos, patirtis ir jausmas. Rankos, kurios kuria Prek\u0117s \u017eenklas gyvuoja jau daugiau nei trylika met\u0173, o \u0161iandien m\u016bs\u0173 komand\u0105 sudaro trys moterys \u2013 a\u0161 Kristina ir dvi nepaprastai patyrusios meistr\u0117s: Daiva ir And\u017eela. Abi jos turi daugiau nei trisde\u0161imt penkeri\u0173 met\u0173 darbo su oda patirt\u012f. Tai meistryst\u0117, kuri ateina su [&hellip;]<\/p>","protected":false},"author":9,"featured_media":0,"parent":0,"menu_order":0,"comment_status":"closed","ping_status":"closed","template":"","meta":{"footnotes":""},"class_list":["post-27376","page","type-page","status-publish","hentry"],"blocksy_meta":{"has_hero_section":"disabled","vertical_spacing_source":"custom","content_area_spacing":"none","styles_descriptor":{"styles":{"desktop":"","tablet":"","mobile":""},"google_fonts":[],"version":6}},"aioseo_notices":[],"jetpack_sharing_enabled":true,"_links":{"self":[{"href":"https:\/\/gedapeleda.lt\/en\/wp-json\/wp\/v2\/pages\/27376","targetHints":{"allow":["GET"]}}],"collection":[{"href":"https:\/\/gedapeleda.lt\/en\/wp-json\/wp\/v2\/pages"}],"about":[{"href":"https:\/\/gedapeleda.lt\/en\/wp-json\/wp\/v2\/types\/page"}],"author":[{"embeddable":true,"href":"https:\/\/gedapeleda.lt\/en\/wp-json\/wp\/v2\/users\/9"}],"replies":[{"embeddable":true,"href":"https:\/\/gedapeleda.lt\/en\/wp-json\/wp\/v2\/comments?post=27376"}],"version-history":[{"count":25,"href":"https:\/\/gedapeleda.lt\/en\/wp-json\/wp\/v2\/pages\/27376\/revisions"}],"predecessor-version":[{"id":27425,"href":"https:\/\/gedapeleda.lt\/en\/wp-json\/wp\/v2\/pages\/27376\/revisions\/27425"}],"wp:attachment":[{"href":"https:\/\/gedapeleda.lt\/en\/wp-json\/wp\/v2\/media?parent=27376"}],"curies":[{"name":"wp","href":"https:\/\/api.w.org\/{rel}","templated":true}]}}