{"id":3,"date":"2023-05-23T05:32:46","date_gmt":"2023-05-23T05:32:46","guid":{"rendered":"https:\/\/gedapeleda.lt\/?page_id=3"},"modified":"2023-07-28T09:13:01","modified_gmt":"2023-07-28T09:13:01","slug":"privatumo-salygos","status":"publish","type":"page","link":"https:\/\/gedapeleda.lt\/en\/privatumo-salygos\/","title":{"rendered":"PRIVACY POLICY"},"content":{"rendered":"<div data-elementor-type=\"wp-page\" data-elementor-id=\"3\" class=\"elementor elementor-3\" data-elementor-post-type=\"page\">\n\t\t\t\t\t\t<section class=\"elementor-section elementor-top-section elementor-element elementor-element-8b27c3c elementor-section-boxed elementor-section-height-default elementor-section-height-default\" data-id=\"8b27c3c\" data-element_type=\"section\">\n\t\t\t\t\t\t<div class=\"elementor-container elementor-column-gap-default\">\n\t\t\t\t\t<div class=\"elementor-column elementor-col-100 elementor-top-column elementor-element elementor-element-e924708\" data-id=\"e924708\" data-element_type=\"column\">\n\t\t\t<div class=\"elementor-widget-wrap elementor-element-populated\">\n\t\t\t\t\t\t<div class=\"elementor-element elementor-element-a00b21a elementor-widget elementor-widget-text-editor\" data-id=\"a00b21a\" data-element_type=\"widget\" data-widget_type=\"text-editor.default\">\n\t\t\t\t<div class=\"elementor-widget-container\">\n\t\t\t\t\t\t\t\t\t<div id=\"sns_content\">\n<div class=\"container\">\n<div class=\"row sns-content\">\n<div class=\"sns-main col-md-12 main-right\">\n<section id=\"post-2499\" class=\"post-2499 page type-page status-publish hentry\">\n<div class=\"inner-page\">\n<p>What data do we collect?<\/p>\n<p>When you purchase a product from the G\u0117da Pel\u0117da online store, a purchase agreement is concluded between you and us. To fulfil this agreement, we require only the minimum necessary personal information: your first and last name, phone number, email address, and delivery address.\n\nYour contact details are used to inform you about the status of your order and to resolve matters related to its fulfilment. Personal information is requested only at the moment of placing an order.\n\nWe undertake not to disclose the buyer\u2019s personal data to third parties, except where such information is necessary for partners providing delivery or other services required to properly fulfil the order (e.g. courier services). In all other cases, personal data may be disclosed only in accordance with the procedures and cases established by the laws of the Republic of Lithuania.<\/p>\n<p>How do we use the collected personal data?<\/p>\n<p>We use your personal data exclusively to facilitate your shopping experience and to provide the most relevant offers possible. The data we analyse is anonymised and cannot be linked to a specific individual.\n\nYour email address may also be used to inform you about G\u0117da Pel\u0117da news by sending newsletters. You may unsubscribe from newsletters at any time. To stop receiving newsletters, please contact us at peleda@gedapeleda.lt.<\/p>\n<p>How do we store and process personal data?<\/p>\n<p>Anonymised data related to website browsing is collected and processed using Google Analytics. You can read Google\u2019s privacy policy here:\nhttps:\/\/policies.google.com\/privacy\n\nFor payment processing, we use the KLIX payment platform. You can read KLIX\u2019s privacy policy here:\nhttps:\/\/klix.app\/privacy-policy\/\n\nOur website is secured using an SSL encryption protocol. Secure websites can be identified by the letter \u201cs\u201d in the address bar: https:\/\/.<span class=\"Apple-converted-space\">\u00a0<\/span><\/p>\n<p>Do we use cookies?<\/p>\n<p>Cookies are small text files that are stored on your device when you browse a website. Cookies allow us to recognise your device, not you as an individual.\n\nLike most online stores, we use cookies to make your visit to our website smoother and more efficient. Cookies do not collect information that can identify a specific person; they collect only anonymised data.\n\nBy using our online store, you agree to our use of cookies. If you prefer not to use cookies, you can delete them from your browser at any time. Cookies do not cause any damage to your computer or device.\n\n<br>\n<br>\n<br>\nYou have the right to access, correct, or request deletion of your personal data in accordance with applicable data protection laws.<\/p>\n<\/div>\n<\/section>\n<\/div>\n<\/div>\n<\/div>\n<\/div>\t\t\t\t\t\t\t\t<\/div>\n\t\t\t\t<\/div>\n\t\t\t\t\t<\/div>\n\t\t<\/div>\n\t\t\t\t\t<\/div>\n\t\t<\/section>\n\t\t\t\t<\/div>","protected":false},"excerpt":{"rendered":"<p>Kokius duomenis renkame? Jums \u012fsigijus prek\u0119 G\u0117da Pel\u0117da internetin\u0117je parduotuv\u0117je, mes ir j\u016bs sudarome pirkimo-pardavimo sutart\u012f, kurios \u012fgyvendinimui reikalinga minimali informacija apie jus: vardas, pavard\u0117, tel. nr., el. pa\u0161to adresas ir, prek\u0117s pristatymo adresas. J\u016bs\u0173 kontaktai yra reikalingi tam, kad informuotume apie u\u017esakymo eig\u0105 ir kitiems su u\u017esakymu susijusiems klausimams. Asmenin\u0119 informacij\u0105 perkant prekes \u0161ioje [&hellip;]<\/p>","protected":false},"author":2,"featured_media":0,"parent":0,"menu_order":0,"comment_status":"closed","ping_status":"closed","template":"elementor_header_footer","meta":{"footnotes":""},"class_list":["post-3","page","type-page","status-publish","hentry"],"blocksy_meta":[],"aioseo_notices":[],"jetpack_sharing_enabled":true,"_links":{"self":[{"href":"https:\/\/gedapeleda.lt\/en\/wp-json\/wp\/v2\/pages\/3","targetHints":{"allow":["GET"]}}],"collection":[{"href":"https:\/\/gedapeleda.lt\/en\/wp-json\/wp\/v2\/pages"}],"about":[{"href":"https:\/\/gedapeleda.lt\/en\/wp-json\/wp\/v2\/types\/page"}],"author":[{"embeddable":true,"href":"https:\/\/gedapeleda.lt\/en\/wp-json\/wp\/v2\/users\/2"}],"replies":[{"embeddable":true,"href":"https:\/\/gedapeleda.lt\/en\/wp-json\/wp\/v2\/comments?post=3"}],"version-history":[{"count":1,"href":"https:\/\/gedapeleda.lt\/en\/wp-json\/wp\/v2\/pages\/3\/revisions"}],"predecessor-version":[{"id":22227,"href":"https:\/\/gedapeleda.lt\/en\/wp-json\/wp\/v2\/pages\/3\/revisions\/22227"}],"wp:attachment":[{"href":"https:\/\/gedapeleda.lt\/en\/wp-json\/wp\/v2\/media?parent=3"}],"curies":[{"name":"wp","href":"https:\/\/api.w.org\/{rel}","templated":true}]}}