{"id":39,"date":"2023-05-23T08:52:45","date_gmt":"2023-05-23T08:52:45","guid":{"rendered":"https:\/\/gedapeleda.lt\/?page_id=39"},"modified":"2023-07-28T09:09:37","modified_gmt":"2023-07-28T09:09:37","slug":"patarimai-kaip-myleti-ir-auginti-savo-peleda","status":"publish","type":"page","link":"https:\/\/gedapeleda.lt\/en\/patarimai-kaip-myleti-ir-auginti-savo-peleda\/","title":{"rendered":"HOW TO LOVE AND CARE FOR YOUR OWL"},"content":{"rendered":"<div data-elementor-type=\"wp-page\" data-elementor-id=\"39\" class=\"elementor elementor-39\" data-elementor-post-type=\"page\">\n\t\t\t\t\t\t<section class=\"elementor-section elementor-top-section elementor-element elementor-element-10a7c93 elementor-section-boxed elementor-section-height-default elementor-section-height-default elementor-invisible\" data-id=\"10a7c93\" data-element_type=\"section\" data-settings=\"{&quot;animation&quot;:&quot;fadeIn&quot;,&quot;animation_delay&quot;:200}\">\n\t\t\t\t\t\t\t<div class=\"elementor-background-overlay\"><\/div>\n\t\t\t\t\t\t\t<div class=\"elementor-container elementor-column-gap-no\">\n\t\t\t\t\t<div class=\"elementor-column elementor-col-50 elementor-top-column elementor-element elementor-element-0b4093d\" data-id=\"0b4093d\" data-element_type=\"column\" data-settings=\"{&quot;background_background&quot;:&quot;classic&quot;}\">\n\t\t\t<div class=\"elementor-widget-wrap elementor-element-populated\">\n\t\t\t\t\t\t<div class=\"elementor-element elementor-element-d8e79f8 elementor-widget elementor-widget-image\" data-id=\"d8e79f8\" data-element_type=\"widget\" data-widget_type=\"image.default\">\n\t\t\t\t<div class=\"elementor-widget-container\">\n\t\t\t\t\t\t\t\t\t\t\t\t\t\t\t<img fetchpriority=\"high\" decoding=\"async\" width=\"682\" height=\"1024\" src=\"https:\/\/gedapeleda.lt\/wp-content\/uploads\/2023\/05\/galerija-17-682x1024.jpg\" class=\"attachment-large size-large wp-image-100\" alt=\"KOSMETIN\u0116 BRAVO JUODA\" srcset=\"https:\/\/gedapeleda.lt\/wp-content\/uploads\/2023\/05\/galerija-17-682x1024.jpg 682w, https:\/\/gedapeleda.lt\/wp-content\/uploads\/2023\/05\/galerija-17-600x900.jpg 600w, https:\/\/gedapeleda.lt\/wp-content\/uploads\/2023\/05\/galerija-17-200x300.jpg 200w, https:\/\/gedapeleda.lt\/wp-content\/uploads\/2023\/05\/galerija-17-768x1152.jpg 768w, https:\/\/gedapeleda.lt\/wp-content\/uploads\/2023\/05\/galerija-17-1024x1536.jpg 1024w, https:\/\/gedapeleda.lt\/wp-content\/uploads\/2023\/05\/galerija-17.jpg 1333w\" sizes=\"(max-width: 682px) 100vw, 682px\" \/>\t\t\t\t\t\t\t\t\t\t\t\t\t\t\t<\/div>\n\t\t\t\t<\/div>\n\t\t\t\t\t<\/div>\n\t\t<\/div>\n\t\t\t\t<div class=\"elementor-column elementor-col-50 elementor-top-column elementor-element elementor-element-1a561f9\" data-id=\"1a561f9\" data-element_type=\"column\" data-settings=\"{&quot;background_background&quot;:&quot;classic&quot;}\">\n\t\t\t<div class=\"elementor-widget-wrap elementor-element-populated\">\n\t\t\t\t\t\t<div class=\"elementor-element elementor-element-07981b5 elementor-widget elementor-widget-text-editor\" data-id=\"07981b5\" data-element_type=\"widget\" data-widget_type=\"text-editor.default\">\n\t\t\t\t<div class=\"elementor-widget-container\">\n\t\t\t\t\t\t\t\t\t<p style=\"font-weight: 400;\">Your Owl is crafted from natural leather, treated in a way that preserves its softness, character, and individuality.\nDepending on the type of leather, subtle marks left by time may be visible \u2014 these are not imperfections, but natural features that make each G\u0117da Pel\u0117da piece truly one of a kind.<\/p><p style=\"font-weight: 400;\">Over time, through contact with sunlight, your skin, and everyday life, your Owl will gently change \u2014 as all fine leather does.\nThe leather may deepen in tone, soften to the touch, and gain even more character and beauty.\n\nLove your Owl, care for it with attention, and it will age gracefully \u2014 living and accompanying you for many years to come.<\/p>\t\t\t\t\t\t\t\t<\/div>\n\t\t\t\t<\/div>\n\t\t\t\t\t<\/div>\n\t\t<\/div>\n\t\t\t\t\t<\/div>\n\t\t<\/section>\n\t\t\t\t<section class=\"elementor-section elementor-top-section elementor-element elementor-element-e13df91 animated-slow elementor-section-boxed elementor-section-height-default elementor-section-height-default elementor-invisible\" data-id=\"e13df91\" data-element_type=\"section\" data-settings=\"{&quot;animation&quot;:&quot;fadeIn&quot;,&quot;animation_delay&quot;:200}\">\n\t\t\t\t\t\t\t<div class=\"elementor-background-overlay\"><\/div>\n\t\t\t\t\t\t\t<div class=\"elementor-container elementor-column-gap-no\">\n\t\t\t\t\t<div class=\"elementor-column elementor-col-50 elementor-top-column elementor-element elementor-element-2c5a2bd\" data-id=\"2c5a2bd\" data-element_type=\"column\" data-settings=\"{&quot;background_background&quot;:&quot;classic&quot;}\">\n\t\t\t<div class=\"elementor-widget-wrap elementor-element-populated\">\n\t\t\t\t\t\t<div class=\"elementor-element elementor-element-cef3c60 elementor-widget elementor-widget-image\" data-id=\"cef3c60\" data-element_type=\"widget\" data-widget_type=\"image.default\">\n\t\t\t\t<div class=\"elementor-widget-container\">\n\t\t\t\t\t\t\t\t\t\t\t\t\t\t\t<img decoding=\"async\" width=\"682\" height=\"1024\" src=\"https:\/\/gedapeleda.lt\/wp-content\/uploads\/2023\/05\/galerija-2-682x1024.jpg\" class=\"attachment-large size-large wp-image-85\" alt=\"G\u0116DA PEL\u0116DA\" srcset=\"https:\/\/gedapeleda.lt\/wp-content\/uploads\/2023\/05\/galerija-2-682x1024.jpg 682w, https:\/\/gedapeleda.lt\/wp-content\/uploads\/2023\/05\/galerija-2-600x900.jpg 600w, https:\/\/gedapeleda.lt\/wp-content\/uploads\/2023\/05\/galerija-2-200x300.jpg 200w, https:\/\/gedapeleda.lt\/wp-content\/uploads\/2023\/05\/galerija-2-768x1152.jpg 768w, https:\/\/gedapeleda.lt\/wp-content\/uploads\/2023\/05\/galerija-2-1024x1536.jpg 1024w, https:\/\/gedapeleda.lt\/wp-content\/uploads\/2023\/05\/galerija-2.jpg 1333w\" sizes=\"(max-width: 682px) 100vw, 682px\" \/>\t\t\t\t\t\t\t\t\t\t\t\t\t\t\t<\/div>\n\t\t\t\t<\/div>\n\t\t\t\t\t<\/div>\n\t\t<\/div>\n\t\t\t\t<div class=\"elementor-column elementor-col-50 elementor-top-column elementor-element elementor-element-4c197f5\" data-id=\"4c197f5\" data-element_type=\"column\" data-settings=\"{&quot;background_background&quot;:&quot;classic&quot;}\">\n\t\t\t<div class=\"elementor-widget-wrap elementor-element-populated\">\n\t\t\t\t\t\t<div class=\"elementor-element elementor-element-2015894 elementor-widget elementor-widget-heading\" data-id=\"2015894\" data-element_type=\"widget\" data-widget_type=\"heading.default\">\n\t\t\t\t<div class=\"elementor-widget-container\">\n\t\t\t\t\t<h2 class=\"elementor-heading-title elementor-size-default\">PROTECT<\/h2>\t\t\t\t<\/div>\n\t\t\t\t<\/div>\n\t\t\t\t<div class=\"elementor-element elementor-element-648ae61 elementor-widget elementor-widget-text-editor\" data-id=\"648ae61\" data-element_type=\"widget\" data-widget_type=\"text-editor.default\">\n\t\t\t\t<div class=\"elementor-widget-container\">\n\t\t\t\t\t\t\t\t\t<p>Your Owl does not enjoy direct sunlight or prolonged exposure to intense heat.\nKeep it away from direct heat sources and excessive moisture.<br \/>Water, oils, perfumes, and makeup products may leave marks that are difficult to remove from your Owl\u2019s leather surface.\nHandle with care to preserve its beauty.<\/p>\t\t\t\t\t\t\t\t<\/div>\n\t\t\t\t<\/div>\n\t\t\t\t<div class=\"elementor-element elementor-element-c2ac646 elementor-widget elementor-widget-heading\" data-id=\"c2ac646\" data-element_type=\"widget\" data-widget_type=\"heading.default\">\n\t\t\t\t<div class=\"elementor-widget-container\">\n\t\t\t\t\t<h2 class=\"elementor-heading-title elementor-size-default\">CLEAN<\/h2>\t\t\t\t<\/div>\n\t\t\t\t<\/div>\n\t\t\t\t<div class=\"elementor-element elementor-element-c2ee01c elementor-widget elementor-widget-text-editor\" data-id=\"c2ee01c\" data-element_type=\"widget\" data-widget_type=\"text-editor.default\">\n\t\t\t\t<div class=\"elementor-widget-container\">\n\t\t\t\t\t\t\t\t\t<p style=\"font-weight: 400;\">If your Owl becomes marked, gently clean it with a dry, clean cloth.\nA mild cream or foam specifically designed for natural leather may be used, depending on the type of leather.\n\nIf your Owl gets wet, do not dry it using direct heat or sunlight, as this may distort its shape.\nGently wipe it with a clean, dry cloth and allow it to air-dry naturally in a dry place.\n\nYour Owl is sensitive to scratches, and they may be difficult to remove.\nMinor marks may be softened using specialised leather care products.\n\nAlways use products intended for natural leather only, ensuring they are suitable for the specific leather type and colour.<\/p><p style=\"font-weight: 400;\">\u00a0<\/p>\t\t\t\t\t\t\t\t<\/div>\n\t\t\t\t<\/div>\n\t\t\t\t\t<\/div>\n\t\t<\/div>\n\t\t\t\t\t<\/div>\n\t\t<\/section>\n\t\t\t\t<section class=\"elementor-section elementor-top-section elementor-element elementor-element-bd5783f animated-slow elementor-section-boxed elementor-section-height-default elementor-section-height-default elementor-invisible\" data-id=\"bd5783f\" data-element_type=\"section\" data-settings=\"{&quot;animation&quot;:&quot;fadeIn&quot;,&quot;animation_delay&quot;:200}\">\n\t\t\t\t\t\t\t<div class=\"elementor-background-overlay\"><\/div>\n\t\t\t\t\t\t\t<div class=\"elementor-container elementor-column-gap-no\">\n\t\t\t\t\t<div class=\"elementor-column elementor-col-50 elementor-top-column elementor-element elementor-element-e4fb677\" data-id=\"e4fb677\" data-element_type=\"column\" data-settings=\"{&quot;background_background&quot;:&quot;classic&quot;}\">\n\t\t\t<div class=\"elementor-widget-wrap elementor-element-populated\">\n\t\t\t\t\t\t<div class=\"elementor-element elementor-element-be0ec5c elementor-widget elementor-widget-image\" data-id=\"be0ec5c\" data-element_type=\"widget\" data-widget_type=\"image.default\">\n\t\t\t\t<div class=\"elementor-widget-container\">\n\t\t\t\t\t\t\t\t\t\t\t\t\t\t\t<img decoding=\"async\" width=\"682\" height=\"1024\" src=\"https:\/\/gedapeleda.lt\/wp-content\/uploads\/2023\/05\/galerija-1-682x1024.jpg\" class=\"attachment-large size-large wp-image-84\" alt=\"SAUL\u0116LYD\u017dIO BRAVO LATTE\" srcset=\"https:\/\/gedapeleda.lt\/wp-content\/uploads\/2023\/05\/galerija-1-682x1024.jpg 682w, https:\/\/gedapeleda.lt\/wp-content\/uploads\/2023\/05\/galerija-1-600x900.jpg 600w, https:\/\/gedapeleda.lt\/wp-content\/uploads\/2023\/05\/galerija-1-200x300.jpg 200w, https:\/\/gedapeleda.lt\/wp-content\/uploads\/2023\/05\/galerija-1-768x1152.jpg 768w, https:\/\/gedapeleda.lt\/wp-content\/uploads\/2023\/05\/galerija-1-1024x1536.jpg 1024w, https:\/\/gedapeleda.lt\/wp-content\/uploads\/2023\/05\/galerija-1.jpg 1333w\" sizes=\"(max-width: 682px) 100vw, 682px\" \/>\t\t\t\t\t\t\t\t\t\t\t\t\t\t\t<\/div>\n\t\t\t\t<\/div>\n\t\t\t\t\t<\/div>\n\t\t<\/div>\n\t\t\t\t<div class=\"elementor-column elementor-col-50 elementor-top-column elementor-element elementor-element-890d1fa\" data-id=\"890d1fa\" data-element_type=\"column\" data-settings=\"{&quot;background_background&quot;:&quot;classic&quot;}\">\n\t\t\t<div class=\"elementor-widget-wrap elementor-element-populated\">\n\t\t\t\t\t\t<div class=\"elementor-element elementor-element-bfab0d1 elementor-widget elementor-widget-heading\" data-id=\"bfab0d1\" data-element_type=\"widget\" data-widget_type=\"heading.default\">\n\t\t\t\t<div class=\"elementor-widget-container\">\n\t\t\t\t\t<h2 class=\"elementor-heading-title elementor-size-default\">NOURISH<\/h2>\t\t\t\t<\/div>\n\t\t\t\t<\/div>\n\t\t\t\t<div class=\"elementor-element elementor-element-0726c66 elementor-widget elementor-widget-text-editor\" data-id=\"0726c66\" data-element_type=\"widget\" data-widget_type=\"text-editor.default\">\n\t\t\t\t<div class=\"elementor-widget-container\">\n\t\t\t\t\t\t\t\t\t<p style=\"font-weight: 400;\">Chocolate Brown and Oiled Black leather Owls will age beautifully when nourished with leather creams, balms, or sprays at the beginning and end of each season.\nAlways choose care products according to the specific leather type and colour.\n\nDuring the wetter seasons, we recommend protecting these Owls with impregnation products designed for natural leather. This helps shield the leather from moisture and environmental exposure.\n\nBefore applying any product, always test it on a small, discreet area. Use it on the entire surface only once you are confident it suits your Owl.<\/p><p style=\"font-weight: 400;\">Coal and Bravo leathers are already treated during production and do not require additional impregnation.<\/p>\t\t\t\t\t\t\t\t<\/div>\n\t\t\t\t<\/div>\n\t\t\t\t<div class=\"elementor-element elementor-element-57d501d elementor-widget elementor-widget-heading\" data-id=\"57d501d\" data-element_type=\"widget\" data-widget_type=\"heading.default\">\n\t\t\t\t<div class=\"elementor-widget-container\">\n\t\t\t\t\t<h2 class=\"elementor-heading-title elementor-size-default\">REMEMBER<\/h2>\t\t\t\t<\/div>\n\t\t\t\t<\/div>\n\t\t\t\t<div class=\"elementor-element elementor-element-32d4a2c elementor-widget elementor-widget-text-editor\" data-id=\"32d4a2c\" data-element_type=\"widget\" data-widget_type=\"text-editor.default\">\n\t\t\t\t<div class=\"elementor-widget-container\">\n\t\t\t\t\t\t\t\t\t<p style=\"font-weight: 400;\">Young Owls may occasionally release a small amount of colour. This is a natural characteristic of richly dyed leather and will fade with time.\n\nTo help reduce temporary colour transfer, we recommend gently cleaning Chocolate Brown and Oiled Black Owls with a dry cloth and using suitable leather care products.<\/p><p>Wishing you a beautiful journey,<br \/>G\u0117da Pel\u0117da \u2013 Kristina<\/p>\t\t\t\t\t\t\t\t<\/div>\n\t\t\t\t<\/div>\n\t\t\t\t\t<\/div>\n\t\t<\/div>\n\t\t\t\t\t<\/div>\n\t\t<\/section>\n\t\t\t\t<\/div>","protected":false},"excerpt":{"rendered":"<p>Tavo Pel\u0117da pagaminta i\u0161 nat\u016bralios odos, apdirbtos i\u0161saugant odos unikalum\u0105 ir \u0161velnum\u0105. Prikalusomai nuo odos r\u016b\u0161ies odoje gali b\u016bti laiko palikt\u0173 \u017eymi\u0173, kurios kiekvien\u0105 \u201eG\u0117da Pel\u0117da\u201c k\u016brin\u012f daro unikaliu ir pabr\u0117\u017eia med\u017eiagos nat\u016bralum\u0105. Laikui b\u0117gant, gavusi tiesiogini\u0173 saul\u0117s spinduli\u0173, liesdamasi su Tavo oda ir kitaip veikiama aplinkos, Pel\u0117da \u0161iek tiek keisis, kaip ir b\u016bdinga odiniam [&hellip;]<\/p>","protected":false},"author":2,"featured_media":0,"parent":0,"menu_order":0,"comment_status":"closed","ping_status":"closed","template":"elementor_header_footer","meta":{"footnotes":""},"class_list":["post-39","page","type-page","status-publish","hentry"],"blocksy_meta":[],"aioseo_notices":[],"jetpack_sharing_enabled":true,"_links":{"self":[{"href":"https:\/\/gedapeleda.lt\/en\/wp-json\/wp\/v2\/pages\/39","targetHints":{"allow":["GET"]}}],"collection":[{"href":"https:\/\/gedapeleda.lt\/en\/wp-json\/wp\/v2\/pages"}],"about":[{"href":"https:\/\/gedapeleda.lt\/en\/wp-json\/wp\/v2\/types\/page"}],"author":[{"embeddable":true,"href":"https:\/\/gedapeleda.lt\/en\/wp-json\/wp\/v2\/users\/2"}],"replies":[{"embeddable":true,"href":"https:\/\/gedapeleda.lt\/en\/wp-json\/wp\/v2\/comments?post=39"}],"version-history":[{"count":2,"href":"https:\/\/gedapeleda.lt\/en\/wp-json\/wp\/v2\/pages\/39\/revisions"}],"predecessor-version":[{"id":22224,"href":"https:\/\/gedapeleda.lt\/en\/wp-json\/wp\/v2\/pages\/39\/revisions\/22224"}],"wp:attachment":[{"href":"https:\/\/gedapeleda.lt\/en\/wp-json\/wp\/v2\/media?parent=39"}],"curies":[{"name":"wp","href":"https:\/\/api.w.org\/{rel}","templated":true}]}}