{"id":22638,"date":"2020-11-17T07:02:22","date_gmt":"2020-11-17T07:02:22","guid":{"rendered":"https:\/\/gedapeleda.lt\/?post_type=product&#038;p=22638"},"modified":"2026-02-06T12:15:57","modified_gmt":"2026-02-06T12:15:57","slug":"geda-peleda-dovanu-kuponas","status":"publish","type":"product","link":"https:\/\/gedapeleda.lt\/en\/product\/geda-peleda-dovanu-kuponas\/","title":{"rendered":"G\u0116DA PEL\u0116DA DIGITAL GIFT VOUCHER"},"content":{"rendered":"","protected":false},"excerpt":{"rendered":"<p>A G\u0117da Pel\u0117da gift voucher may be used to purchase a handbag in the G\u0117da Pel\u0117da online store or, by prior arrangement, directly at the G\u0117da Pel\u0117da atelier.<\/p>\n<p>If the selected handbag exceeds the value stated on the gift voucher, the price difference may be paid additionally.<\/p>\n<p>If the selected handbag is priced lower than the value of the gift voucher, the remaining balance is not refunded.<\/p>\n<p>Gift vouchers cannot be exchanged for cash and are non-refundable.<\/p>\n<p>Each gift voucher may be used once only. After use, the voucher is automatically deactivated.<\/p>\n<p>Multiple gift vouchers may be used for a single purchase.<\/p>\n<p>If you have any questions, feel free to write to us or contact us by phone \u2014 we\u2019re always happy to help.<\/p>\n<p>Warm regards,<\/p>\n<p>G\u0117da Pel\u0117da \u2014 Kristina<\/p>","protected":false},"featured_media":21910,"template":"","meta":[],"product_brand":[],"product_cat":[20],"product_tag":[],"class_list":{"0":"post-22638","1":"product","2":"type-product","3":"status-publish","4":"has-post-thumbnail","6":"product_cat-dovanu-kuponai","8":"first","9":"instock","10":"purchasable","11":"product-type-variable"},"aioseo_notices":[],"jetpack_sharing_enabled":true,"_links":{"self":[{"href":"https:\/\/gedapeleda.lt\/en\/wp-json\/wp\/v2\/product\/22638","targetHints":{"allow":["GET"]}}],"collection":[{"href":"https:\/\/gedapeleda.lt\/en\/wp-json\/wp\/v2\/product"}],"about":[{"href":"https:\/\/gedapeleda.lt\/en\/wp-json\/wp\/v2\/types\/product"}],"wp:featuredmedia":[{"embeddable":true,"href":"https:\/\/gedapeleda.lt\/en\/wp-json\/wp\/v2\/media\/21910"}],"wp:attachment":[{"href":"https:\/\/gedapeleda.lt\/en\/wp-json\/wp\/v2\/media?parent=22638"}],"wp:term":[{"taxonomy":"product_brand","embeddable":true,"href":"https:\/\/gedapeleda.lt\/en\/wp-json\/wp\/v2\/product_brand?post=22638"},{"taxonomy":"product_cat","embeddable":true,"href":"https:\/\/gedapeleda.lt\/en\/wp-json\/wp\/v2\/product_cat?post=22638"},{"taxonomy":"product_tag","embeddable":true,"href":"https:\/\/gedapeleda.lt\/en\/wp-json\/wp\/v2\/product_tag?post=22638"}],"curies":[{"name":"wp","href":"https:\/\/api.w.org\/{rel}","templated":true}]}}