{"id":27165,"date":"2026-02-09T10:30:43","date_gmt":"2026-02-09T10:30:43","guid":{"rendered":"https:\/\/gedapeleda.lt\/?post_type=product&#038;p=27165"},"modified":"2026-02-09T10:32:18","modified_gmt":"2026-02-09T10:32:18","slug":"jaunaties-peleda-midi-juoda","status":"publish","type":"product","link":"https:\/\/gedapeleda.lt\/en\/product\/jaunaties-peleda-midi-juoda\/","title":{"rendered":"JAUNATIES PEL\u0116DA MIDI JUODA"},"content":{"rendered":"","protected":false},"excerpt":{"rendered":"<p>Apie \u0161i\u0105 Pel\u0117d\u0105 verta kalb\u0117ti.<span class=\"Apple-converted-space\">\u00a0\u00a0<\/span>Vienas modelis, o tiek daug jo variacij\u0173! Pasirinkite Jums patinkan\u010di\u0105 ranken\u0105 ir u\u017esegim\u0105. Jaunaties Pel\u0117da pagaminta i\u0161 itin mink\u0161tos<span class=\"Apple-converted-space\">\u00a0\u00a0<\/span>auk\u0161tos kokyb\u0117s odos. Visk\u0105, ko jums reikia, laikykite \u0161alia, nes tai erdv\u0117 gausybei. Suglembanti ir patogi, puikiai atrodo prie bet kokios aprangos.<span class=\"Apple-converted-space\">\u00a0\u00a0<\/span>Minimalizmo myl\u0117tojoms G\u0117da Pel\u0117d\u0105 \u017eenkl\u0105 subtiliai \u012fd\u0117jome rankin\u0117s viduje.<\/p>\n<ul>\n<li>Dimensions: 33 \u00d7 36\u201350 cm<\/li>\n<li>Fold-over design without zipper.<\/li>\n<li>Fixed-length shoulder handle, comfortable to wear on the shoulder.<\/li>\n<li>Designed with lining.<\/li>\n<li>Interior zip pocket and two open pockets for keys or phone.<\/li>\n<li>Magnetic closure.<\/li>\n<li>Crafted from natural leather.<\/li>\n<li>Handmade by one artisan in the G\u0117da Pel\u0117da studio, Kaunas.<\/li>\n<\/ul>\n<p>PLEASE NOTE <br>\n\nLeather colours may vary slightly between photographs and real life depending on screen settings and natural leather characteristics.<\/p>\n<p>Wishing you a beautiful journey,<\/p>\n<p>G\u0117da Pel\u0117da \u2013 Kristina<\/p>","protected":false},"featured_media":26153,"template":"","meta":[],"product_brand":[],"product_cat":[23],"product_tag":[127],"class_list":{"0":"post-27165","1":"product","2":"type-product","3":"status-publish","4":"has-post-thumbnail","6":"product_cat-turime-studijoje","7":"product_tag-piniginedovana","9":"first","10":"instock","11":"taxable","12":"shipping-taxable","13":"purchasable","14":"product-type-variable"},"aioseo_notices":[],"jetpack_sharing_enabled":true,"_links":{"self":[{"href":"https:\/\/gedapeleda.lt\/en\/wp-json\/wp\/v2\/product\/27165","targetHints":{"allow":["GET"]}}],"collection":[{"href":"https:\/\/gedapeleda.lt\/en\/wp-json\/wp\/v2\/product"}],"about":[{"href":"https:\/\/gedapeleda.lt\/en\/wp-json\/wp\/v2\/types\/product"}],"wp:featuredmedia":[{"embeddable":true,"href":"https:\/\/gedapeleda.lt\/en\/wp-json\/wp\/v2\/media\/26153"}],"wp:attachment":[{"href":"https:\/\/gedapeleda.lt\/en\/wp-json\/wp\/v2\/media?parent=27165"}],"wp:term":[{"taxonomy":"product_brand","embeddable":true,"href":"https:\/\/gedapeleda.lt\/en\/wp-json\/wp\/v2\/product_brand?post=27165"},{"taxonomy":"product_cat","embeddable":true,"href":"https:\/\/gedapeleda.lt\/en\/wp-json\/wp\/v2\/product_cat?post=27165"},{"taxonomy":"product_tag","embeddable":true,"href":"https:\/\/gedapeleda.lt\/en\/wp-json\/wp\/v2\/product_tag?post=27165"}],"curies":[{"name":"wp","href":"https:\/\/api.w.org\/{rel}","templated":true}]}}