{"id":27195,"date":"2026-02-09T11:06:21","date_gmt":"2026-02-09T11:06:21","guid":{"rendered":"https:\/\/gedapeleda.lt\/?post_type=product&#038;p=27195"},"modified":"2026-03-12T12:49:56","modified_gmt":"2026-03-12T12:49:56","slug":"pia-bordo","status":"publish","type":"product","link":"https:\/\/gedapeleda.lt\/en\/product\/pia-bordo\/","title":{"rendered":"PIA BORDO"},"content":{"rendered":"","protected":false},"excerpt":{"rendered":"<p><b>\u0160i\u0105 Pel\u0117d\u0105 turime studijoje ir galime Jums i\u0161si\u0173sti i\u0161kart po u\u017esakymo.<\/b><\/p>\n<p><strong>Lietuvoje Pel\u0117das\u00a0pristatome nemokamai.<\/strong><\/p>\n<p><strong>Jei tur\u0117site klausim\u0173, lauksime j\u0173 el. pa\u0161tu peleda@gedapeleda.lt<\/strong><\/p>\n<p>ABOUT THE PIECE\n<br>\n<br>\nPia Owl \u2014 let your style tell a story.\nVersatile and spacious, Pia is crafted from soft natural leather and designed for everyday balance.\n<br>\nIts three-compartment structure keeps essentials neatly organised and easy to reach. The short wrist handle adds a subtle sense of elegance while offering extra comfort and functionality throughout the day.\n<br>\nQuietly refined, practical, and adaptable \u2014 Pia moves effortlessly with you.<\/p>\n<ul>\n<li>Dimensions: 16 x 24 x 12 cm.<\/li>\n<li>Three interior compartments: one open and two zippered.<\/li>\n<li>Short wrist handle.<\/li>\n<li>Adjustable strap.<\/li>\n<li>Designed without lining for durability and longevity.<\/li>\n<li>Magnetic and zip closures.<\/li>\n<li>Crafted from natural leather.<\/li>\n<li>Handmade by one artisan in the G\u0117da Pel\u0117da studio, Kaunas.<\/li>\n<\/ul>\n<p>PLEASE NOTE <br>\n\nLeather colours may vary slightly between photographs and real life depending on screen settings and natural leather characteristics.<\/p>\n<p>Wishing you a beautiful journey,<\/p>\n<p>G\u0117da Pel\u0117da \u2014 Kristina<\/p>","protected":false},"featured_media":27200,"template":"","meta":[],"product_brand":[],"product_cat":[23],"product_tag":[],"class_list":{"0":"post-27195","1":"product","2":"type-product","3":"status-publish","4":"has-post-thumbnail","6":"product_cat-turime-studijoje","8":"first","9":"instock","10":"taxable","11":"shipping-taxable","12":"purchasable","13":"product-type-variable","14":"has-default-attributes"},"aioseo_notices":[],"jetpack_sharing_enabled":true,"_links":{"self":[{"href":"https:\/\/gedapeleda.lt\/en\/wp-json\/wp\/v2\/product\/27195","targetHints":{"allow":["GET"]}}],"collection":[{"href":"https:\/\/gedapeleda.lt\/en\/wp-json\/wp\/v2\/product"}],"about":[{"href":"https:\/\/gedapeleda.lt\/en\/wp-json\/wp\/v2\/types\/product"}],"wp:featuredmedia":[{"embeddable":true,"href":"https:\/\/gedapeleda.lt\/en\/wp-json\/wp\/v2\/media\/27200"}],"wp:attachment":[{"href":"https:\/\/gedapeleda.lt\/en\/wp-json\/wp\/v2\/media?parent=27195"}],"wp:term":[{"taxonomy":"product_brand","embeddable":true,"href":"https:\/\/gedapeleda.lt\/en\/wp-json\/wp\/v2\/product_brand?post=27195"},{"taxonomy":"product_cat","embeddable":true,"href":"https:\/\/gedapeleda.lt\/en\/wp-json\/wp\/v2\/product_cat?post=27195"},{"taxonomy":"product_tag","embeddable":true,"href":"https:\/\/gedapeleda.lt\/en\/wp-json\/wp\/v2\/product_tag?post=27195"}],"curies":[{"name":"wp","href":"https:\/\/api.w.org\/{rel}","templated":true}]}}