{"id":495,"date":"2023-05-23T19:43:00","date_gmt":"2023-05-23T19:43:00","guid":{"rendered":"https:\/\/gedapeleda.lt\/?post_type=product&#038;p=495"},"modified":"2026-02-24T11:49:32","modified_gmt":"2026-02-24T11:49:32","slug":"jaunaties-peleda-maxi","status":"publish","type":"product","link":"https:\/\/gedapeleda.lt\/en\/product\/jaunaties-peleda-maxi\/","title":{"rendered":"LUNA MAXI"},"content":{"rendered":"","protected":false},"excerpt":{"rendered":"<p>ABOUT THE PIECE\n<br>\n<br>\nA bag worth talking about.\u00a0<b>Luna Maxi <\/b>i\u0161siskiria architekt\u016briniu siluetu, dideliu masteliu ir i\u0161grynintu dizainu. Tai rankin\u0117, kuri tampa akcentu \u2013 pastebima, bet niekada neperkrauta.<\/p>\n<p class=\"p1\">Crafted from soft natural leather, it rests comfortably against the body, adapts effortlessly to movement, and grows even more beautiful over time. Spacious yet lightweight, Luna Maxi allows you to keep everything close while maintaining an elegant, clean line.<\/p>\n<ul>\n<li>Dimensions: 46 \u00d7 37\u201350 cm<\/li>\n<li>Fixed-length shoulder handle, comfortable to wear on the shoulder.<\/li>\n<li>Designed with lining.<\/li>\n<li>Interior zip pocket and two open pockets for keys or phone.<\/li>\n<li>Magnetic closure.<\/li>\n<li>Crafted from natural leather.<\/li>\n<li>Handmade by one artisan in the G\u0117da Pel\u0117da studio, Kaunas.<\/li>\n<\/ul>\n<p>PLEASE NOTE <br>\n\nLeather colours may vary slightly between photographs and real life depending on screen settings and natural leather characteristics.<\/p>\n<p>Wishing you a beautiful journey,<\/p>\n<p>G\u0117da Pel\u0117da \u2013 Kristina<\/p>","protected":false},"featured_media":23667,"template":"","meta":[],"product_brand":[],"product_cat":[24,21,45],"product_tag":[127],"class_list":{"0":"post-495","1":"product","2":"type-product","3":"status-publish","4":"has-post-thumbnail","6":"product_cat-isankstiniai-uzsakymai","7":"product_cat-jai","8":"product_cat-rankines","9":"product_tag-piniginedovana","11":"first","12":"onbackorder","13":"taxable","14":"shipping-taxable","15":"purchasable","16":"product-type-variable"},"aioseo_notices":[],"jetpack_sharing_enabled":true,"_links":{"self":[{"href":"https:\/\/gedapeleda.lt\/en\/wp-json\/wp\/v2\/product\/495","targetHints":{"allow":["GET"]}}],"collection":[{"href":"https:\/\/gedapeleda.lt\/en\/wp-json\/wp\/v2\/product"}],"about":[{"href":"https:\/\/gedapeleda.lt\/en\/wp-json\/wp\/v2\/types\/product"}],"wp:featuredmedia":[{"embeddable":true,"href":"https:\/\/gedapeleda.lt\/en\/wp-json\/wp\/v2\/media\/23667"}],"wp:attachment":[{"href":"https:\/\/gedapeleda.lt\/en\/wp-json\/wp\/v2\/media?parent=495"}],"wp:term":[{"taxonomy":"product_brand","embeddable":true,"href":"https:\/\/gedapeleda.lt\/en\/wp-json\/wp\/v2\/product_brand?post=495"},{"taxonomy":"product_cat","embeddable":true,"href":"https:\/\/gedapeleda.lt\/en\/wp-json\/wp\/v2\/product_cat?post=495"},{"taxonomy":"product_tag","embeddable":true,"href":"https:\/\/gedapeleda.lt\/en\/wp-json\/wp\/v2\/product_tag?post=495"}],"curies":[{"name":"wp","href":"https:\/\/api.w.org\/{rel}","templated":true}]}}