{"id":532,"date":"2023-05-23T20:12:19","date_gmt":"2023-05-23T20:12:19","guid":{"rendered":"https:\/\/gedapeleda.lt\/?post_type=product&#038;p=532"},"modified":"2026-03-28T16:12:36","modified_gmt":"2026-03-28T16:12:36","slug":"mano-peledos-seselis","status":"publish","type":"product","link":"https:\/\/gedapeleda.lt\/en\/product\/mano-peledos-seselis\/","title":{"rendered":"MY OWL\u2019S SHADOW"},"content":{"rendered":"","protected":false},"excerpt":{"rendered":"<p>ABOUT THE PIECE\n<br>\n<br>\nUrban spirit shaped into soft, sculptural lines.\nBorn from the past and reborn as a bestseller, My Owl\u2019s Shadow backpack is designed to move with you through the city and beyond.\n<br>\nThe spacious main compartment, interior pockets, and wide adjustable shoulder straps ensure everyday comfort, while the distinctive design allows subtle transformation.\n<br>\nThe protective leather strap that wraps around the backpack can be worn over the folded top with magnetic closure \u2014 or discreetly hidden beneath it, depending on your mood and style.<span class=\"Apple-converted-space\">\u00a0\u00a0<\/span>Unikalus dizainas, leid\u017eia j\u0105 keisti pagal J\u016bs\u0173 skon\u012f \u2013 Pel\u0117d\u0105 juosiantis apsauginis dir\u017eas gali b\u016bti ant atlenkiamos vir\u0161utin\u0117s dalies su magnetiniu u\u017esegimu<span class=\"Apple-converted-space\">\u00a0\u00a0<\/span>or<span class=\"Apple-converted-space\">\u00a0\u00a0<\/span>pasl\u0117ptas po juo. Pel\u0117dos \u0161e\u0161\u0117lis taps neatsiejamu J\u016bs\u0173 palydovu.<\/p>\n<ul>\n<li>Dimensions: 36 \u00d7 25 \u00d7 9 cm<\/li>\n<li>Fold-over design without zipper.<\/li>\n<li>Adjustable shoulder straps.<span class=\"Apple-converted-space\">\u00a0<\/span><\/li>\n<li>Designed with lining.<\/li>\n<li>Spacious main compartment. One zippered inner pocket and open pockets for keys or phone.<span class=\"Apple-converted-space\">\u00a0<\/span><\/li>\n<li>Magnetic closure with protective strap.<\/li>\n<li>Crafted from natural leather.<\/li>\n<li>Handmade by one artisan in the G\u0117da Pel\u0117da studio, Kaunas.<\/li>\n<\/ul>\n<p>PLEASE NOTE <br>\n\nLeather colours may vary slightly between photographs and real life depending on screen settings and natural leather characteristics.<\/p>\n<p>Wishing you a beautiful journey,<\/p>\n<p>G\u0117da Pel\u0117da \u2013 Kristina<\/p>","protected":false},"featured_media":549,"template":"","meta":[],"product_brand":[],"product_cat":[24,21,57],"product_tag":[127],"class_list":{"0":"post-532","1":"product","2":"type-product","3":"status-publish","4":"has-post-thumbnail","6":"product_cat-isankstiniai-uzsakymai","7":"product_cat-jai","8":"product_cat-kuprines","9":"product_tag-piniginedovana","11":"first","12":"onbackorder","13":"taxable","14":"shipping-taxable","15":"purchasable","16":"product-type-variable"},"aioseo_notices":[],"jetpack_sharing_enabled":true,"_links":{"self":[{"href":"https:\/\/gedapeleda.lt\/en\/wp-json\/wp\/v2\/product\/532","targetHints":{"allow":["GET"]}}],"collection":[{"href":"https:\/\/gedapeleda.lt\/en\/wp-json\/wp\/v2\/product"}],"about":[{"href":"https:\/\/gedapeleda.lt\/en\/wp-json\/wp\/v2\/types\/product"}],"wp:featuredmedia":[{"embeddable":true,"href":"https:\/\/gedapeleda.lt\/en\/wp-json\/wp\/v2\/media\/549"}],"wp:attachment":[{"href":"https:\/\/gedapeleda.lt\/en\/wp-json\/wp\/v2\/media?parent=532"}],"wp:term":[{"taxonomy":"product_brand","embeddable":true,"href":"https:\/\/gedapeleda.lt\/en\/wp-json\/wp\/v2\/product_brand?post=532"},{"taxonomy":"product_cat","embeddable":true,"href":"https:\/\/gedapeleda.lt\/en\/wp-json\/wp\/v2\/product_cat?post=532"},{"taxonomy":"product_tag","embeddable":true,"href":"https:\/\/gedapeleda.lt\/en\/wp-json\/wp\/v2\/product_tag?post=532"}],"curies":[{"name":"wp","href":"https:\/\/api.w.org\/{rel}","templated":true}]}}